{"id":10288,"date":"2022-12-12T08:34:12","date_gmt":"2022-12-12T05:34:12","guid":{"rendered":"https:\/\/www.paytr.com\/alternative-payment-solutions"},"modified":"2025-05-29T10:00:37","modified_gmt":"2025-05-29T07:00:37","slug":"alternative-payment-solutions","status":"publish","type":"page","link":"https:\/\/www.paytr.com\/en\/alternative-payment-solutions","title":{"rendered":"Alternative Payment Solutions"},"content":{"rendered":"<section class=\"section-container page-header-area\">\n\n    <div class=\" flow-content\">\n        <h2 class=\"page-title\" class=\"page-title\" id=\"alternative-payment-solutions\">Alternative Payment Solutions<\/h2>\n        <div class=\"page-desc\">With PayTR Alternative Payment Solutions, you can manage your payments and receive them quickly.        <\/div>\n    <\/div>\n    <div class=\"breadcrumbs\">\n        <div class=\"breadcrumbs-list\">\n            <a href='\/' class='breadcrumb-item'>Homepage<\/a>\n                        <a href=\"javascript:void(0)\" style=\"pointer-events: none; cursor: default;\" class='breadcrumb-item'>Alternative Payment Solutions<\/a>\n            <div class=\"breadcrumbs-popover\">\n                    <p>Alternative Payment Solutions<\/p>\n                <\/div>\n                    <\/div>\n        <div class=\"breadcrumbs-divider\"><\/div>\n    <\/div>\n<\/section>    <section class=\"payments-hero hero starting-hero\">\n        <div class=\"hero-bg-neutral\">\n            <div class=\"hero-container\">\n                <div class=\"hero-area\">\n                    <div class=\"section-container\">\n                        <div class='hero-content '>\n                                                        <div class=\"hero-text-content flow-content\">\n                                <h2 class=\"card-title\" style=\"font-weight: 600;font-size: 3.6rem;color: #0f2666;\" class=\"card-title\" style=\"font-weight: 600;font-size: 3.6rem;color: #0f2666;\" id=\"wire-transfer-ach\">Wire Transfer\/ACH<\/h2>\n                                \n                                <p><strong>Get paid without having a POS!<\/strong><\/p>\n<p>Do you have difficulty tracking your cardless payment purchases? With multiple banks<br \/>\nall transactions are managed through a single panel and remittance\/EFT tracking is provided by us.<\/p>\n                                                                    <div class=\"btn-container\">\n                                                                                    <!-- <button class=\"buttons\" style=\"background-color: inherit;\"> -->\n                                            <a href=\"\/uye-isyeri-olun\" class=\"button button-primary-light size:large\">Apply Now<\/a>\n                                            <!-- <\/button> -->\n                                                                                                                            <button class=\"buttons\" style=\"background-color: inherit;\">\n                                                <a href=\"\/havale-eft\" class=\"button button-transparent-light size:large\">Review<\/a>\n                                            <\/button>\n                                                                            <\/div>\n                                \n                            <\/div>\n                                                            <div class=\"hero-form\">\n                                    <img decoding=\"async\" data-src=\"https:\/\/www.paytr.com\/wp-content\/uploads\/Cards-2.png\" alt=\"\" src=\"data:image\/svg+xml;base64,PHN2ZyB3aWR0aD0iMSIgaGVpZ2h0PSIxIiB4bWxucz0iaHR0cDovL3d3dy53My5vcmcvMjAwMC9zdmciPjwvc3ZnPg==\" class=\"lazyload\" style=\"--smush-placeholder-width: 662px; --smush-placeholder-aspect-ratio: 662\/527;\">\n                                <\/div>\n                                                    <\/div>\n                    <\/div>\n                <\/div>\n            <\/div>\n        <\/div>\n    <\/section>\n    <section class=\"payments-hero hero \">\n        <div class=\"hero-bg-neutral\">\n            <div class=\"hero-container\">\n                <div class=\"hero-area\">\n                    <div class=\"section-container\">\n                        <div class='hero-content mobile-reverse'>\n                                                            <div class=\"hero-form\">\n                                    <img decoding=\"async\" data-src=\"https:\/\/www.paytr.com\/wp-content\/uploads\/kartsaklama2-2.png\" alt=\"\" src=\"data:image\/svg+xml;base64,PHN2ZyB3aWR0aD0iMSIgaGVpZ2h0PSIxIiB4bWxucz0iaHR0cDovL3d3dy53My5vcmcvMjAwMC9zdmciPjwvc3ZnPg==\" class=\"lazyload\" style=\"--smush-placeholder-width: 2513px; --smush-placeholder-aspect-ratio: 2513\/1626;\">\n                                <\/div>\n                                                        <div class=\"hero-text-content flow-content\">\n                                <h2 class=\"card-title\" style=\"font-weight: 600;font-size: 3.6rem;color: #0f2666;\" class=\"card-title\" style=\"font-weight: 600;font-size: 3.6rem;color: #0f2666;\" id=\"card-on-file-registry\">Card-on-File Registry<\/h2>\n                                \n                                <p><strong>Increase your conversion rates!<\/strong><\/p>\n<p>Card Storage Solution shortens the process of entering your customers&#8217; card details and provides them with a secure shopping experience.<\/p>\n                                                                    <div class=\"btn-container\">\n                                                                                    <!-- <button class=\"buttons\" style=\"background-color: inherit;\"> -->\n                                            <a href=\"\/uye-isyeri-olun\" class=\"button button-primary-light size:large\">Apply Now<\/a>\n                                            <!-- <\/button> -->\n                                                                                                                            <button class=\"buttons\" style=\"background-color: inherit;\">\n                                                <a href=\"\/kart-saklama\" class=\"button button-transparent-light size:large\">Review<\/a>\n                                            <\/button>\n                                                                            <\/div>\n                                \n                            <\/div>\n                                                    <\/div>\n                    <\/div>\n                <\/div>\n            <\/div>\n        <\/div>\n    <\/section>\n    <section class=\"payments-hero hero \">\n        <div class=\"hero-bg-neutral\">\n            <div class=\"hero-container\">\n                <div class=\"hero-area\">\n                    <div class=\"section-container\">\n                        <div class='hero-content '>\n                                                        <div class=\"hero-text-content flow-content\">\n                                <h2 class=\"card-title\" style=\"font-weight: 600;font-size: 3.6rem;color: #0f2666;\" class=\"card-title\" style=\"font-weight: 600;font-size: 3.6rem;color: #0f2666;\" id=\"mobile-operator-payment\">Mobile Operator Payment<\/h2>\n                                \n                                <p><strong>You can receive your payments via GSM operators.<\/strong><\/p>\n<p>M\u00fc\u015fterilerinizin yapaca\u011f\u0131 \u00f6demeleri nakit ya da kart kullanmadan, operat\u00f6rleri \u00fczerinden faturalar\u0131na yans\u0131tarak h\u0131zl\u0131ca \u00f6deme alman\u0131z\u0131 sa\u011flar.<\/p>\n                                                                    <div class=\"btn-container\">\n                                                                                    <!-- <button class=\"buttons\" style=\"background-color: inherit;\"> -->\n                                            <a href=\"\/uye-isyeri-olun\" class=\"button button-primary-light size:large\">Apply Now<\/a>\n                                            <!-- <\/button> -->\n                                                                                                                            <button class=\"buttons\" style=\"background-color: inherit;\">\n                                                <a href=\"\/mobil-odeme\" class=\"button button-transparent-light size:large\">Review<\/a>\n                                            <\/button>\n                                                                            <\/div>\n                                \n                            <\/div>\n                                                            <div class=\"hero-form\">\n                                    <img decoding=\"async\" data-src=\"https:\/\/www.paytr.com\/wp-content\/uploads\/mobil-2.png\" alt=\"\" src=\"data:image\/svg+xml;base64,PHN2ZyB3aWR0aD0iMSIgaGVpZ2h0PSIxIiB4bWxucz0iaHR0cDovL3d3dy53My5vcmcvMjAwMC9zdmciPjwvc3ZnPg==\" class=\"lazyload\" style=\"--smush-placeholder-width: 662px; --smush-placeholder-aspect-ratio: 662\/527;\">\n                                <\/div>\n                                                    <\/div>\n                    <\/div>\n                <\/div>\n            <\/div>\n        <\/div>\n    <\/section>\n","protected":false},"excerpt":{"rendered":"","protected":false},"author":1,"featured_media":0,"parent":0,"menu_order":0,"comment_status":"closed","ping_status":"closed","template":"","meta":{"footnotes":""},"class_list":["post-10288","page","type-page","status-publish","hentry"],"acf":[],"yoast_head":"<!-- This site is optimized with the Yoast SEO Premium plugin v25.3.1 (Yoast SEO v25.3.1) - https:\/\/yoast.com\/wordpress\/plugins\/seo\/ -->\n<title>Alternative Payment Solutions | PayTR<\/title>\n<meta name=\"description\" content=\"Grow your business with alternative payment solutions with PayTR. Discover secure and fast payment options from this page and delight your customers.\" \/>\n<meta name=\"robots\" content=\"index, follow, max-snippet:-1, max-image-preview:large, max-video-preview:-1\" \/>\n<link rel=\"canonical\" href=\"https:\/\/www.paytr.com\/en\/alternative-payment-solutions\" \/>\n<meta property=\"og:locale\" content=\"tr_TR\" \/>\n<meta property=\"og:type\" content=\"article\" \/>\n<meta property=\"og:title\" content=\"Alternative Payment Solutions\" \/>\n<meta property=\"og:description\" content=\"Grow your business with alternative payment solutions with PayTR. Discover secure and fast payment options from this page and delight your customers.\" \/>\n<meta property=\"og:url\" content=\"https:\/\/www.paytr.com\/en\/alternative-payment-solutions\" \/>\n<meta property=\"og:site_name\" content=\"PayTR\" \/>\n<meta property=\"article:publisher\" content=\"https:\/\/tr-tr.facebook.com\/paytrcom\/\" \/>\n<meta property=\"article:modified_time\" content=\"2025-05-29T07:00:37+00:00\" \/>\n<meta name=\"twitter:card\" content=\"summary_large_image\" \/>\n<meta name=\"twitter:site\" content=\"@paytrcom\" \/>\n<script type=\"application\/ld+json\" class=\"yoast-schema-graph\">{\"@context\":\"https:\/\/schema.org\",\"@graph\":[{\"@type\":\"WebPage\",\"@id\":\"https:\/\/www.paytr.com\/en\/alternative-payment-solutions\",\"url\":\"https:\/\/www.paytr.com\/en\/alternative-payment-solutions\",\"name\":\"Alternative Payment Solutions | PayTR\",\"isPartOf\":{\"@id\":\"https:\/\/www.paytr.com\/en#website\"},\"datePublished\":\"2022-12-12T05:34:12+00:00\",\"dateModified\":\"2025-05-29T07:00:37+00:00\",\"description\":\"Grow your business with alternative payment solutions with PayTR. Discover secure and fast payment options from this page and delight your customers.\",\"breadcrumb\":{\"@id\":\"https:\/\/www.paytr.com\/en\/alternative-payment-solutions#breadcrumb\"},\"inLanguage\":\"en-US\",\"potentialAction\":[{\"@type\":\"ReadAction\",\"target\":[\"https:\/\/www.paytr.com\/en\/alternative-payment-solutions\"]}]},{\"@type\":\"BreadcrumbList\",\"@id\":\"https:\/\/www.paytr.com\/en\/alternative-payment-solutions#breadcrumb\",\"itemListElement\":[{\"@type\":\"ListItem\",\"position\":1,\"name\":\"Home\",\"item\":\"https:\/\/www.paytr.com\/en\"},{\"@type\":\"ListItem\",\"position\":2,\"name\":\"Alternative Payment Solutions\"}]},{\"@type\":\"WebSite\",\"@id\":\"https:\/\/www.paytr.com\/en#website\",\"url\":\"https:\/\/www.paytr.com\/en\",\"name\":\"PayTR\",\"description\":\"\u00d6deme \u00c7\u00f6z\u00fcmleri\",\"publisher\":{\"@id\":\"https:\/\/www.paytr.com\/en#organization\"},\"potentialAction\":[{\"@type\":\"SearchAction\",\"target\":{\"@type\":\"EntryPoint\",\"urlTemplate\":\"https:\/\/www.paytr.com\/en?s={search_term_string}\"},\"query-input\":{\"@type\":\"PropertyValueSpecification\",\"valueRequired\":true,\"valueName\":\"search_term_string\"}}],\"inLanguage\":\"en-US\"},{\"@type\":\"Organization\",\"@id\":\"https:\/\/www.paytr.com\/en#organization\",\"name\":\"PayTR\",\"url\":\"https:\/\/www.paytr.com\/en\",\"logo\":{\"@type\":\"ImageObject\",\"inLanguage\":\"en-US\",\"@id\":\"https:\/\/www.paytr.com\/en#\/schema\/logo\/image\/\",\"url\":\"https:\/\/www.paytr.com\/wp-content\/uploads\/PayTR-2025-New-Logo-Color.png\",\"contentUrl\":\"https:\/\/www.paytr.com\/wp-content\/uploads\/PayTR-2025-New-Logo-Color.png\",\"width\":2000,\"height\":340,\"caption\":\"PayTR\"},\"image\":{\"@id\":\"https:\/\/www.paytr.com\/en#\/schema\/logo\/image\/\"},\"sameAs\":[\"https:\/\/tr-tr.facebook.com\/paytrcom\/\",\"https:\/\/x.com\/paytrcom\",\"https:\/\/tr.linkedin.com\/company\/paytr\",\"https:\/\/www.youtube.com\/@paytrcom\",\"https:\/\/www.instagram.com\/paytrcom\/\"]}]}<\/script>\n<!-- \/ Yoast SEO Premium plugin. -->","yoast_head_json":{"title":"Alternative Payment Solutions | PayTR","description":"Grow your business with alternative payment solutions with PayTR. Discover secure and fast payment options from this page and delight your customers.","robots":{"index":"index","follow":"follow","max-snippet":"max-snippet:-1","max-image-preview":"max-image-preview:large","max-video-preview":"max-video-preview:-1"},"canonical":"https:\/\/www.paytr.com\/en\/alternative-payment-solutions","og_locale":"tr_TR","og_type":"article","og_title":"Alternative Payment Solutions","og_description":"Grow your business with alternative payment solutions with PayTR. Discover secure and fast payment options from this page and delight your customers.","og_url":"https:\/\/www.paytr.com\/en\/alternative-payment-solutions","og_site_name":"PayTR","article_publisher":"https:\/\/tr-tr.facebook.com\/paytrcom\/","article_modified_time":"2025-05-29T07:00:37+00:00","twitter_card":"summary_large_image","twitter_site":"@paytrcom","schema":{"@context":"https:\/\/schema.org","@graph":[{"@type":"WebPage","@id":"https:\/\/www.paytr.com\/en\/alternative-payment-solutions","url":"https:\/\/www.paytr.com\/en\/alternative-payment-solutions","name":"Alternative Payment Solutions | PayTR","isPartOf":{"@id":"https:\/\/www.paytr.com\/en#website"},"datePublished":"2022-12-12T05:34:12+00:00","dateModified":"2025-05-29T07:00:37+00:00","description":"Grow your business with alternative payment solutions with PayTR. Discover secure and fast payment options from this page and delight your customers.","breadcrumb":{"@id":"https:\/\/www.paytr.com\/en\/alternative-payment-solutions#breadcrumb"},"inLanguage":"en-US","potentialAction":[{"@type":"ReadAction","target":["https:\/\/www.paytr.com\/en\/alternative-payment-solutions"]}]},{"@type":"BreadcrumbList","@id":"https:\/\/www.paytr.com\/en\/alternative-payment-solutions#breadcrumb","itemListElement":[{"@type":"ListItem","position":1,"name":"Home","item":"https:\/\/www.paytr.com\/en"},{"@type":"ListItem","position":2,"name":"Alternative Payment Solutions"}]},{"@type":"WebSite","@id":"https:\/\/www.paytr.com\/en#website","url":"https:\/\/www.paytr.com\/en","name":"PayTR","description":"\u00d6deme \u00c7\u00f6z\u00fcmleri","publisher":{"@id":"https:\/\/www.paytr.com\/en#organization"},"potentialAction":[{"@type":"SearchAction","target":{"@type":"EntryPoint","urlTemplate":"https:\/\/www.paytr.com\/en?s={search_term_string}"},"query-input":{"@type":"PropertyValueSpecification","valueRequired":true,"valueName":"search_term_string"}}],"inLanguage":"en-US"},{"@type":"Organization","@id":"https:\/\/www.paytr.com\/en#organization","name":"PayTR","url":"https:\/\/www.paytr.com\/en","logo":{"@type":"ImageObject","inLanguage":"en-US","@id":"https:\/\/www.paytr.com\/en#\/schema\/logo\/image\/","url":"https:\/\/www.paytr.com\/wp-content\/uploads\/PayTR-2025-New-Logo-Color.png","contentUrl":"https:\/\/www.paytr.com\/wp-content\/uploads\/PayTR-2025-New-Logo-Color.png","width":2000,"height":340,"caption":"PayTR"},"image":{"@id":"https:\/\/www.paytr.com\/en#\/schema\/logo\/image\/"},"sameAs":["https:\/\/tr-tr.facebook.com\/paytrcom\/","https:\/\/x.com\/paytrcom","https:\/\/tr.linkedin.com\/company\/paytr","https:\/\/www.youtube.com\/@paytrcom","https:\/\/www.instagram.com\/paytrcom\/"]}]}},"_links":{"self":[{"href":"https:\/\/www.paytr.com\/en\/wp-json\/wp\/v2\/pages\/10288","targetHints":{"allow":["GET"]}}],"collection":[{"href":"https:\/\/www.paytr.com\/en\/wp-json\/wp\/v2\/pages"}],"about":[{"href":"https:\/\/www.paytr.com\/en\/wp-json\/wp\/v2\/types\/page"}],"author":[{"embeddable":true,"href":"https:\/\/www.paytr.com\/en\/wp-json\/wp\/v2\/users\/1"}],"replies":[{"embeddable":true,"href":"https:\/\/www.paytr.com\/en\/wp-json\/wp\/v2\/comments?post=10288"}],"version-history":[{"count":6,"href":"https:\/\/www.paytr.com\/en\/wp-json\/wp\/v2\/pages\/10288\/revisions"}],"predecessor-version":[{"id":13206,"href":"https:\/\/www.paytr.com\/en\/wp-json\/wp\/v2\/pages\/10288\/revisions\/13206"}],"wp:attachment":[{"href":"https:\/\/www.paytr.com\/en\/wp-json\/wp\/v2\/media?parent=10288"}],"curies":[{"name":"wp","href":"https:\/\/api.w.org\/{rel}","templated":true}]}}