{"id":10297,"date":"2022-12-16T08:16:38","date_gmt":"2022-12-16T05:16:38","guid":{"rendered":"https:\/\/www.paytr.com\/application-tracking"},"modified":"2024-12-18T14:53:25","modified_gmt":"2024-12-18T11:53:25","slug":"application-tracking","status":"publish","type":"page","link":"https:\/\/www.paytr.com\/en\/application-tracking","title":{"rendered":"Application Tracking"},"content":{"rendered":"\n<h1 class=\"wp-block-heading\" class=\"wp-block-heading\" id=\"application-tracking\">Application Tracking<\/h1>\n\n<div class=\"application-tracking-page\">\n    <div class=\"section-container\">\n        <div class='tracking-head'>\n            <a href=\"\">\n                <svg width=\"20\" height=\"20\" viewBox=\"0 0 20 20\" fill=\"none\" xmlns=\"http:\/\/www.w3.org\/2000\/svg\">\n                    <path d=\"M10 20C15.5228 20 20 15.5228 20 10C20 4.47715 15.5228 1.42313e-07 10 3.17865e-07C4.47715 4.93417e-07 2.04966e-06\n                                4.47715 2.22521e-06 10C2.40077e-06 15.5228 4.47715 20 10 20Z\" fill=\"#E6F8FE\"><\/path>\n                    <path d=\"M7.48046 9.57687C7.36329 9.65495 7.32421 9.77212 7.32421 9.90887C7.32421 10.026 7.36329 10.1433 7.48046\n                                10.2409L11.2695 14.03C11.3476 14.1081 11.4649 14.1667 11.6015 14.1667C11.7188 14.1667 11.836 14.1081 11.9336\n                                14.03L12.3633 13.6003C12.4414 13.5026 12.5 13.3854 12.5 13.2682C12.5 13.1315 12.4609 13.0143 12.3828 12.9362L9.35546\n                                9.90887L12.3828 6.88154C12.4609 6.78387 12.5 6.6667 12.5 6.54954C12.5 6.41279 12.4414 6.29562 12.3633 6.21745L11.9336\n                                5.78779C11.836 5.69012 11.7188 5.65104 11.6015 5.65104C11.4649 5.65104 11.3476 5.69012 11.2695 5.78779L7.48046 9.57687Z\" fill=\"#07B7F6\"><\/path>\n                <\/svg>\n                Back            <\/a>\n            <h1 id=\"application-tracking\">Application Tracking<\/h1>\n        <\/div>\n        \n            <div class=\"tracking-form\">\n                <div class=\"tracking-form__content\">\n                    <h3>Easily track your application using your reference number.<font>.<\/font>\n                    <\/h3>\n                    <form>\n\n                        <div class=\"input-container\">\n                            <label class=\"form__label\">\n                            Reference No:<\/label>\n                            <input class=\"form__input\" type=\"text\" name=\"referance\" placeholder=\"\" \/>\n\n                        <\/div>\n\n                        <button class=\"button button-primary-light size:large\">Check Application or Track Application<\/button>\n                    <\/form>\n                    <p class='form-info'>You can access the reference number from the email address you provided in the preliminary application form.<\/p>\n                <\/div>\n                <div class=\"tracking-form__img\">\n                    <img decoding=\"async\" data-src=\"\/wp-content\/uploads\/assets\/images\/basvuru-takip.png\" alt=\"\" src=\"data:image\/svg+xml;base64,PHN2ZyB3aWR0aD0iMSIgaGVpZ2h0PSIxIiB4bWxucz0iaHR0cDovL3d3dy53My5vcmcvMjAwMC9zdmciPjwvc3ZnPg==\" class=\"lazyload\" style=\"--smush-placeholder-width: 761px; --smush-placeholder-aspect-ratio: 761\/569;\">\n                <\/div>\n            <\/div>\n\n            <\/div>\n<\/div>\n","protected":false},"excerpt":{"rendered":"<p>Application Tracking<\/p>\n","protected":false},"author":1,"featured_media":0,"parent":0,"menu_order":0,"comment_status":"closed","ping_status":"closed","template":"","meta":{"footnotes":""},"class_list":["post-10297","page","type-page","status-publish","hentry"],"acf":[],"yoast_head":"<!-- This site is optimized with the Yoast SEO Premium plugin v25.3.1 (Yoast SEO v25.3.1) - https:\/\/yoast.com\/wordpress\/plugins\/seo\/ -->\n<title>Application Tracking | PayTR<\/title>\n<meta name=\"description\" content=\"Observe the progress of your applications and make adjustments with PayTR application tracking feature! Make your transaction processes faster and smoother!\" \/>\n<meta name=\"robots\" content=\"index, follow, max-snippet:-1, max-image-preview:large, max-video-preview:-1\" \/>\n<link rel=\"canonical\" href=\"https:\/\/www.paytr.com\/en\/application-tracking\" \/>\n<meta property=\"og:locale\" content=\"tr_TR\" \/>\n<meta property=\"og:type\" content=\"article\" \/>\n<meta property=\"og:title\" content=\"Application Tracking\" \/>\n<meta property=\"og:description\" content=\"Observe the progress of your applications and make adjustments with PayTR application tracking feature! Make your transaction processes faster and smoother!\" \/>\n<meta property=\"og:url\" content=\"https:\/\/www.paytr.com\/en\/application-tracking\" \/>\n<meta property=\"og:site_name\" content=\"PayTR\" \/>\n<meta property=\"article:publisher\" content=\"https:\/\/tr-tr.facebook.com\/paytrcom\/\" \/>\n<meta property=\"article:modified_time\" content=\"2024-12-18T11:53:25+00:00\" \/>\n<meta name=\"twitter:card\" content=\"summary_large_image\" \/>\n<meta name=\"twitter:site\" content=\"@paytrcom\" \/>\n<script type=\"application\/ld+json\" class=\"yoast-schema-graph\">{\"@context\":\"https:\/\/schema.org\",\"@graph\":[{\"@type\":\"WebPage\",\"@id\":\"https:\/\/www.paytr.com\/en\/application-tracking\",\"url\":\"https:\/\/www.paytr.com\/en\/application-tracking\",\"name\":\"Application Tracking | PayTR\",\"isPartOf\":{\"@id\":\"https:\/\/www.paytr.com\/en#website\"},\"datePublished\":\"2022-12-16T05:16:38+00:00\",\"dateModified\":\"2024-12-18T11:53:25+00:00\",\"description\":\"Observe the progress of your applications and make adjustments with PayTR application tracking feature! Make your transaction processes faster and smoother!\",\"breadcrumb\":{\"@id\":\"https:\/\/www.paytr.com\/en\/application-tracking#breadcrumb\"},\"inLanguage\":\"en-US\",\"potentialAction\":[{\"@type\":\"ReadAction\",\"target\":[\"https:\/\/www.paytr.com\/en\/application-tracking\"]}]},{\"@type\":\"BreadcrumbList\",\"@id\":\"https:\/\/www.paytr.com\/en\/application-tracking#breadcrumb\",\"itemListElement\":[{\"@type\":\"ListItem\",\"position\":1,\"name\":\"Home\",\"item\":\"https:\/\/www.paytr.com\/en\"},{\"@type\":\"ListItem\",\"position\":2,\"name\":\"Application Tracking\"}]},{\"@type\":\"WebSite\",\"@id\":\"https:\/\/www.paytr.com\/en#website\",\"url\":\"https:\/\/www.paytr.com\/en\",\"name\":\"PayTR\",\"description\":\"\u00d6deme \u00c7\u00f6z\u00fcmleri\",\"publisher\":{\"@id\":\"https:\/\/www.paytr.com\/en#organization\"},\"potentialAction\":[{\"@type\":\"SearchAction\",\"target\":{\"@type\":\"EntryPoint\",\"urlTemplate\":\"https:\/\/www.paytr.com\/en?s={search_term_string}\"},\"query-input\":{\"@type\":\"PropertyValueSpecification\",\"valueRequired\":true,\"valueName\":\"search_term_string\"}}],\"inLanguage\":\"en-US\"},{\"@type\":\"Organization\",\"@id\":\"https:\/\/www.paytr.com\/en#organization\",\"name\":\"PayTR\",\"url\":\"https:\/\/www.paytr.com\/en\",\"logo\":{\"@type\":\"ImageObject\",\"inLanguage\":\"en-US\",\"@id\":\"https:\/\/www.paytr.com\/en#\/schema\/logo\/image\/\",\"url\":\"https:\/\/www.paytr.com\/wp-content\/uploads\/PayTR-2025-New-Logo-Color.png\",\"contentUrl\":\"https:\/\/www.paytr.com\/wp-content\/uploads\/PayTR-2025-New-Logo-Color.png\",\"width\":2000,\"height\":340,\"caption\":\"PayTR\"},\"image\":{\"@id\":\"https:\/\/www.paytr.com\/en#\/schema\/logo\/image\/\"},\"sameAs\":[\"https:\/\/tr-tr.facebook.com\/paytrcom\/\",\"https:\/\/x.com\/paytrcom\",\"https:\/\/tr.linkedin.com\/company\/paytr\",\"https:\/\/www.youtube.com\/@paytrcom\",\"https:\/\/www.instagram.com\/paytrcom\/\"]}]}<\/script>\n<!-- \/ Yoast SEO Premium plugin. -->","yoast_head_json":{"title":"Application Tracking | PayTR","description":"Observe the progress of your applications and make adjustments with PayTR application tracking feature! Make your transaction processes faster and smoother!","robots":{"index":"index","follow":"follow","max-snippet":"max-snippet:-1","max-image-preview":"max-image-preview:large","max-video-preview":"max-video-preview:-1"},"canonical":"https:\/\/www.paytr.com\/en\/application-tracking","og_locale":"tr_TR","og_type":"article","og_title":"Application Tracking","og_description":"Observe the progress of your applications and make adjustments with PayTR application tracking feature! Make your transaction processes faster and smoother!","og_url":"https:\/\/www.paytr.com\/en\/application-tracking","og_site_name":"PayTR","article_publisher":"https:\/\/tr-tr.facebook.com\/paytrcom\/","article_modified_time":"2024-12-18T11:53:25+00:00","twitter_card":"summary_large_image","twitter_site":"@paytrcom","schema":{"@context":"https:\/\/schema.org","@graph":[{"@type":"WebPage","@id":"https:\/\/www.paytr.com\/en\/application-tracking","url":"https:\/\/www.paytr.com\/en\/application-tracking","name":"Application Tracking | PayTR","isPartOf":{"@id":"https:\/\/www.paytr.com\/en#website"},"datePublished":"2022-12-16T05:16:38+00:00","dateModified":"2024-12-18T11:53:25+00:00","description":"Observe the progress of your applications and make adjustments with PayTR application tracking feature! Make your transaction processes faster and smoother!","breadcrumb":{"@id":"https:\/\/www.paytr.com\/en\/application-tracking#breadcrumb"},"inLanguage":"en-US","potentialAction":[{"@type":"ReadAction","target":["https:\/\/www.paytr.com\/en\/application-tracking"]}]},{"@type":"BreadcrumbList","@id":"https:\/\/www.paytr.com\/en\/application-tracking#breadcrumb","itemListElement":[{"@type":"ListItem","position":1,"name":"Home","item":"https:\/\/www.paytr.com\/en"},{"@type":"ListItem","position":2,"name":"Application Tracking"}]},{"@type":"WebSite","@id":"https:\/\/www.paytr.com\/en#website","url":"https:\/\/www.paytr.com\/en","name":"PayTR","description":"\u00d6deme \u00c7\u00f6z\u00fcmleri","publisher":{"@id":"https:\/\/www.paytr.com\/en#organization"},"potentialAction":[{"@type":"SearchAction","target":{"@type":"EntryPoint","urlTemplate":"https:\/\/www.paytr.com\/en?s={search_term_string}"},"query-input":{"@type":"PropertyValueSpecification","valueRequired":true,"valueName":"search_term_string"}}],"inLanguage":"en-US"},{"@type":"Organization","@id":"https:\/\/www.paytr.com\/en#organization","name":"PayTR","url":"https:\/\/www.paytr.com\/en","logo":{"@type":"ImageObject","inLanguage":"en-US","@id":"https:\/\/www.paytr.com\/en#\/schema\/logo\/image\/","url":"https:\/\/www.paytr.com\/wp-content\/uploads\/PayTR-2025-New-Logo-Color.png","contentUrl":"https:\/\/www.paytr.com\/wp-content\/uploads\/PayTR-2025-New-Logo-Color.png","width":2000,"height":340,"caption":"PayTR"},"image":{"@id":"https:\/\/www.paytr.com\/en#\/schema\/logo\/image\/"},"sameAs":["https:\/\/tr-tr.facebook.com\/paytrcom\/","https:\/\/x.com\/paytrcom","https:\/\/tr.linkedin.com\/company\/paytr","https:\/\/www.youtube.com\/@paytrcom","https:\/\/www.instagram.com\/paytrcom\/"]}]}},"_links":{"self":[{"href":"https:\/\/www.paytr.com\/en\/wp-json\/wp\/v2\/pages\/10297","targetHints":{"allow":["GET"]}}],"collection":[{"href":"https:\/\/www.paytr.com\/en\/wp-json\/wp\/v2\/pages"}],"about":[{"href":"https:\/\/www.paytr.com\/en\/wp-json\/wp\/v2\/types\/page"}],"author":[{"embeddable":true,"href":"https:\/\/www.paytr.com\/en\/wp-json\/wp\/v2\/users\/1"}],"replies":[{"embeddable":true,"href":"https:\/\/www.paytr.com\/en\/wp-json\/wp\/v2\/comments?post=10297"}],"version-history":[{"count":1,"href":"https:\/\/www.paytr.com\/en\/wp-json\/wp\/v2\/pages\/10297\/revisions"}],"predecessor-version":[{"id":10298,"href":"https:\/\/www.paytr.com\/en\/wp-json\/wp\/v2\/pages\/10297\/revisions\/10298"}],"wp:attachment":[{"href":"https:\/\/www.paytr.com\/en\/wp-json\/wp\/v2\/media?parent=10297"}],"curies":[{"name":"wp","href":"https:\/\/api.w.org\/{rel}","templated":true}]}}