{"id":10306,"date":"2022-11-24T09:52:19","date_gmt":"2022-11-24T06:52:19","guid":{"rendered":"https:\/\/www.paytr.com\/information-security-policy"},"modified":"2024-12-18T15:19:47","modified_gmt":"2024-12-18T12:19:47","slug":"information-security-policy","status":"publish","type":"page","link":"https:\/\/www.paytr.com\/en\/information-security-policy\/","title":{"rendered":"Information Security Policy"},"content":{"rendered":"<section class=\"section-container page-header-area\">\n\n    <div class=\" flow-content\">\n        <h2 class=\"page-title\" class=\"page-title\" id=\"information-security-policy\">Information Security Policy<\/h2>\n        <div class=\"page-desc\">        <\/div>\n    <\/div>\n    <div class=\"breadcrumbs\">\n        <div class=\"breadcrumbs-list\">\n            <a href='\/' class='breadcrumb-item'>Homepage<\/a>\n                        <a href=\"javascript:void(0)\" style=\"pointer-events: none; cursor: default;\" class='breadcrumb-item'>Information Security Policy<\/a>\n            <div class=\"breadcrumbs-popover\">\n                    <p>Information Security Policy<\/p>\n                <\/div>\n                    <\/div>\n        <div class=\"breadcrumbs-divider\"><\/div>\n    <\/div>\n<\/section><div class=\"section-container static-content\">\n    <p>Headquartered in Akdeniz Mah. Atat\u00fcrk Cad. No:126\/51 Konak \/ \u0130zmir \/ TURKEY, PayTR \u00d6deme ve Elektronik Para Kurulu\u015fu A.\u015e. operates in the finance sector. PayTR management is committed to ensuring information security, confidentiality and integrity to protect all electronic funds flow and assets throughout the organization.<\/p>\n<p>Information and information security requirements will be in line with corporate objectives. Among the management&#8217;s objectives are to employ well-trained, competent personnel who are open to innovation and change, to provide financing that will enable competition with competitors in the sector, and to provide uninterrupted and secure service by hosting sufficient hardware and infrastructure.<\/p>\n<p>In addition, the Company aims to ensure full compliance with sector-related legislation, to closely follow relevant technological developments, and to take preventive actions to improve service quality and prevent problems before they occur while performing daily operational tasks.<\/p>\n<p>In addition, PayTR aims to ensure full compliance with sector-related legislation, closely follow relevant technological developments, and take preventive actions to improve service quality and prevent problems before they occur while performing daily operational tasks. PayTR&#8217;s current strategic business plan and risk management framework are ensured through the establishment and maintenance of the ISMS. The risk assessment and risk response plan describes how risks related to information and funds are controlled.<\/p>\n<p>Additional risk assessments may be carried out, where necessary, to identify appropriate controls for specific risks. In particular, business continuity and contingency plans, data backup procedures, virus and hacker avoidance, access control systems and information security breach notification are essential to this policy. Control objectives for each of these areas are supported by documented policies and procedures.<\/p>\n<p>&nbsp;<\/p>\n<p>&nbsp;<\/p>\n<h3 id=\"to-realize-this-policy\"><strong>To realize this policy:<\/strong><\/h3>\n<p>&nbsp;<\/p>\n<p>All PayTR employees and certain external parties defined in the ISMS are expected to comply with this policy and the ISMS implementing this policy. All staff and certain external parties will receive appropriate training and information. ISMS is subject to continuous systematic evaluation and improvement.<\/p>\n<p>In order to support the ISMS framework and periodically review the security policy, PayTR has established the Information Security Committee, which includes the General Manager, Internal Control and Risk Unit responsible and Technical Unit responsible.<\/p>\n<p>This policy will be reviewed at least once a year to respond to changes in the risk assessment or risk response plan.<\/p>\n<\/div>","protected":false},"excerpt":{"rendered":"","protected":false},"author":1,"featured_media":0,"parent":0,"menu_order":0,"comment_status":"closed","ping_status":"closed","template":"","meta":{"footnotes":""},"class_list":["post-10306","page","type-page","status-publish","hentry"],"acf":[],"yoast_head":"<!-- This site is optimized with the Yoast SEO Premium plugin v25.3.1 (Yoast SEO v25.3.1) - https:\/\/yoast.com\/wordpress\/plugins\/seo\/ -->\n<title>Information Security Policy | PayTR<\/title>\n<meta name=\"description\" content=\"PayTR management is committed to ensuring information security, confidentiality and integrity to protect all electronic funds flow and assets throughout the organization.\" \/>\n<meta name=\"robots\" content=\"index, follow, max-snippet:-1, max-image-preview:large, max-video-preview:-1\" \/>\n<link rel=\"canonical\" href=\"https:\/\/www.paytr.com\/en\/information-security-policy\/\" \/>\n<meta property=\"og:locale\" content=\"tr_TR\" \/>\n<meta property=\"og:type\" content=\"article\" \/>\n<meta property=\"og:title\" content=\"Information Security Policy\" \/>\n<meta property=\"og:description\" content=\"PayTR management is committed to ensuring information security, confidentiality and integrity to protect all electronic funds flow and assets throughout the organization.\" \/>\n<meta property=\"og:url\" content=\"https:\/\/www.paytr.com\/en\/information-security-policy\/\" \/>\n<meta property=\"og:site_name\" content=\"PayTR\" \/>\n<meta property=\"article:publisher\" content=\"https:\/\/tr-tr.facebook.com\/paytrcom\/\" \/>\n<meta property=\"article:modified_time\" content=\"2024-12-18T12:19:47+00:00\" \/>\n<meta name=\"twitter:card\" content=\"summary_large_image\" \/>\n<meta name=\"twitter:site\" content=\"@paytrcom\" \/>\n<script type=\"application\/ld+json\" class=\"yoast-schema-graph\">{\"@context\":\"https:\/\/schema.org\",\"@graph\":[{\"@type\":\"WebPage\",\"@id\":\"https:\/\/www.paytr.com\/en\/information-security-policy\/\",\"url\":\"https:\/\/www.paytr.com\/en\/information-security-policy\/\",\"name\":\"Information Security Policy | PayTR\",\"isPartOf\":{\"@id\":\"https:\/\/www.paytr.com\/en\/#website\"},\"datePublished\":\"2022-11-24T06:52:19+00:00\",\"dateModified\":\"2024-12-18T12:19:47+00:00\",\"description\":\"PayTR management is committed to ensuring information security, confidentiality and integrity to protect all electronic funds flow and assets throughout the organization.\",\"breadcrumb\":{\"@id\":\"https:\/\/www.paytr.com\/en\/information-security-policy\/#breadcrumb\"},\"inLanguage\":\"en-US\",\"potentialAction\":[{\"@type\":\"ReadAction\",\"target\":[\"https:\/\/www.paytr.com\/en\/information-security-policy\/\"]}]},{\"@type\":\"BreadcrumbList\",\"@id\":\"https:\/\/www.paytr.com\/en\/information-security-policy\/#breadcrumb\",\"itemListElement\":[{\"@type\":\"ListItem\",\"position\":1,\"name\":\"Home\",\"item\":\"https:\/\/www.paytr.com\/en\/\"},{\"@type\":\"ListItem\",\"position\":2,\"name\":\"Information Security Policy\"}]},{\"@type\":\"WebSite\",\"@id\":\"https:\/\/www.paytr.com\/en\/#website\",\"url\":\"https:\/\/www.paytr.com\/en\/\",\"name\":\"PayTR\",\"description\":\"\u00d6deme \u00c7\u00f6z\u00fcmleri\",\"publisher\":{\"@id\":\"https:\/\/www.paytr.com\/en\/#organization\"},\"potentialAction\":[{\"@type\":\"SearchAction\",\"target\":{\"@type\":\"EntryPoint\",\"urlTemplate\":\"https:\/\/www.paytr.com\/en\/?s={search_term_string}\"},\"query-input\":{\"@type\":\"PropertyValueSpecification\",\"valueRequired\":true,\"valueName\":\"search_term_string\"}}],\"inLanguage\":\"en-US\"},{\"@type\":\"Organization\",\"@id\":\"https:\/\/www.paytr.com\/en\/#organization\",\"name\":\"PayTR\",\"url\":\"https:\/\/www.paytr.com\/en\/\",\"logo\":{\"@type\":\"ImageObject\",\"inLanguage\":\"en-US\",\"@id\":\"https:\/\/www.paytr.com\/en\/#\/schema\/logo\/image\/\",\"url\":\"https:\/\/www.paytr.com\/wp-content\/uploads\/PayTR-2025-New-Logo-Color.png\",\"contentUrl\":\"https:\/\/www.paytr.com\/wp-content\/uploads\/PayTR-2025-New-Logo-Color.png\",\"width\":2000,\"height\":340,\"caption\":\"PayTR\"},\"image\":{\"@id\":\"https:\/\/www.paytr.com\/en\/#\/schema\/logo\/image\/\"},\"sameAs\":[\"https:\/\/tr-tr.facebook.com\/paytrcom\/\",\"https:\/\/x.com\/paytrcom\",\"https:\/\/tr.linkedin.com\/company\/paytr\",\"https:\/\/www.youtube.com\/@paytrcom\",\"https:\/\/www.instagram.com\/paytrcom\/\"]}]}<\/script>\n<!-- \/ Yoast SEO Premium plugin. -->","yoast_head_json":{"title":"Information Security Policy | PayTR","description":"PayTR management is committed to ensuring information security, confidentiality and integrity to protect all electronic funds flow and assets throughout the organization.","robots":{"index":"index","follow":"follow","max-snippet":"max-snippet:-1","max-image-preview":"max-image-preview:large","max-video-preview":"max-video-preview:-1"},"canonical":"https:\/\/www.paytr.com\/en\/information-security-policy\/","og_locale":"tr_TR","og_type":"article","og_title":"Information Security Policy","og_description":"PayTR management is committed to ensuring information security, confidentiality and integrity to protect all electronic funds flow and assets throughout the organization.","og_url":"https:\/\/www.paytr.com\/en\/information-security-policy\/","og_site_name":"PayTR","article_publisher":"https:\/\/tr-tr.facebook.com\/paytrcom\/","article_modified_time":"2024-12-18T12:19:47+00:00","twitter_card":"summary_large_image","twitter_site":"@paytrcom","schema":{"@context":"https:\/\/schema.org","@graph":[{"@type":"WebPage","@id":"https:\/\/www.paytr.com\/en\/information-security-policy\/","url":"https:\/\/www.paytr.com\/en\/information-security-policy\/","name":"Information Security Policy | PayTR","isPartOf":{"@id":"https:\/\/www.paytr.com\/en\/#website"},"datePublished":"2022-11-24T06:52:19+00:00","dateModified":"2024-12-18T12:19:47+00:00","description":"PayTR management is committed to ensuring information security, confidentiality and integrity to protect all electronic funds flow and assets throughout the organization.","breadcrumb":{"@id":"https:\/\/www.paytr.com\/en\/information-security-policy\/#breadcrumb"},"inLanguage":"en-US","potentialAction":[{"@type":"ReadAction","target":["https:\/\/www.paytr.com\/en\/information-security-policy\/"]}]},{"@type":"BreadcrumbList","@id":"https:\/\/www.paytr.com\/en\/information-security-policy\/#breadcrumb","itemListElement":[{"@type":"ListItem","position":1,"name":"Home","item":"https:\/\/www.paytr.com\/en\/"},{"@type":"ListItem","position":2,"name":"Information Security Policy"}]},{"@type":"WebSite","@id":"https:\/\/www.paytr.com\/en\/#website","url":"https:\/\/www.paytr.com\/en\/","name":"PayTR","description":"\u00d6deme \u00c7\u00f6z\u00fcmleri","publisher":{"@id":"https:\/\/www.paytr.com\/en\/#organization"},"potentialAction":[{"@type":"SearchAction","target":{"@type":"EntryPoint","urlTemplate":"https:\/\/www.paytr.com\/en\/?s={search_term_string}"},"query-input":{"@type":"PropertyValueSpecification","valueRequired":true,"valueName":"search_term_string"}}],"inLanguage":"en-US"},{"@type":"Organization","@id":"https:\/\/www.paytr.com\/en\/#organization","name":"PayTR","url":"https:\/\/www.paytr.com\/en\/","logo":{"@type":"ImageObject","inLanguage":"en-US","@id":"https:\/\/www.paytr.com\/en\/#\/schema\/logo\/image\/","url":"https:\/\/www.paytr.com\/wp-content\/uploads\/PayTR-2025-New-Logo-Color.png","contentUrl":"https:\/\/www.paytr.com\/wp-content\/uploads\/PayTR-2025-New-Logo-Color.png","width":2000,"height":340,"caption":"PayTR"},"image":{"@id":"https:\/\/www.paytr.com\/en\/#\/schema\/logo\/image\/"},"sameAs":["https:\/\/tr-tr.facebook.com\/paytrcom\/","https:\/\/x.com\/paytrcom","https:\/\/tr.linkedin.com\/company\/paytr","https:\/\/www.youtube.com\/@paytrcom","https:\/\/www.instagram.com\/paytrcom\/"]}]}},"_links":{"self":[{"href":"https:\/\/www.paytr.com\/en\/wp-json\/wp\/v2\/pages\/10306","targetHints":{"allow":["GET"]}}],"collection":[{"href":"https:\/\/www.paytr.com\/en\/wp-json\/wp\/v2\/pages"}],"about":[{"href":"https:\/\/www.paytr.com\/en\/wp-json\/wp\/v2\/types\/page"}],"author":[{"embeddable":true,"href":"https:\/\/www.paytr.com\/en\/wp-json\/wp\/v2\/users\/1"}],"replies":[{"embeddable":true,"href":"https:\/\/www.paytr.com\/en\/wp-json\/wp\/v2\/comments?post=10306"}],"version-history":[{"count":1,"href":"https:\/\/www.paytr.com\/en\/wp-json\/wp\/v2\/pages\/10306\/revisions"}],"predecessor-version":[{"id":10307,"href":"https:\/\/www.paytr.com\/en\/wp-json\/wp\/v2\/pages\/10306\/revisions\/10307"}],"wp:attachment":[{"href":"https:\/\/www.paytr.com\/en\/wp-json\/wp\/v2\/media?parent=10306"}],"curies":[{"name":"wp","href":"https:\/\/api.w.org\/{rel}","templated":true}]}}