{"id":10322,"date":"2024-05-08T10:07:12","date_gmt":"2024-05-08T07:07:12","guid":{"rendered":"https:\/\/www.paytr.com\/support-center\/support-center-security"},"modified":"2024-12-18T15:22:48","modified_gmt":"2024-12-18T12:22:48","slug":"support-center-security","status":"publish","type":"page","link":"https:\/\/www.paytr.com\/en\/support-center\/support-center-security","title":{"rendered":"Support Center &#8211; Security"},"content":{"rendered":"<section class=\"support-head\">\n    <h1 class=\"page-title\">\n        Security    <\/h1>\n    <div class=\"breadcrumbs\">\n        <div class=\"breadcrumbs-list\">\n            <a href='\/' class='breadcrumb-item'>Homepage<\/a>\n\n            <a href=\"\/en\/destek-merkezi\" class='breadcrumb-item'>Support Center<\/a>\n            <a href=\"#\" class='breadcrumb-item'>\n                Security            <\/a>\n\n        <\/div>\n        <div class=\"breadcrumbs-divider\"><\/div>\n    <\/div>\n<\/section>\n\n    <section class=\"section-container\">\n        <div class=\"topics-container\">\n            <form action=\"\/en\/destek-merkezi\">\n                <div class='search-form'>\n                    <img decoding=\"async\" data-src=\"\/wp-content\/uploads\/assets\/images\/search.svg\" class='search-icon lazyload' alt=\"\" src=\"data:image\/svg+xml;base64,PHN2ZyB3aWR0aD0iMSIgaGVpZ2h0PSIxIiB4bWxucz0iaHR0cDovL3d3dy53My5vcmcvMjAwMC9zdmciPjwvc3ZnPg==\">\n                    <div class=\"input-container \">\n                        <label class=\"form__label\" for='search-area'>\n                        Search Within Support Content<\/label>\n                        <input class=\"form__input\" type=\"text\" id='search-area' name=\"search\" placeholder=\"\"\n                            value=\"\" \/>\n                    <\/div>\n                <\/div>\n            <\/form>\n        <\/div>\n    <\/section>\n    <h2 class=\"page-subtitle\">\n            <\/h2>\n    \n        <section class=\"faq section-container\" style='margin-top: 50px;'>\n            <div class=\"faq-content-section\">\n                <div class=\"faq-tabs-container\">\n                                    <\/div>\n            <\/div>\n        <\/section>\n        \n<script type=\"application\/ld+json\">\n    {\n        \"@context\": \"https:\/\/schema.org\",\n        \"@type\": \"FAQPage\",\n        \"mainEntity\": [\n                    ]\n    }\n<\/script>","protected":false},"excerpt":{"rendered":"","protected":false},"author":1,"featured_media":0,"parent":10304,"menu_order":7,"comment_status":"closed","ping_status":"closed","template":"","meta":{"footnotes":""},"class_list":["post-10322","page","type-page","status-publish","hentry"],"acf":[],"yoast_head":"<!-- This site is optimized with the Yoast SEO Premium plugin v25.3.1 (Yoast SEO v25.3.1) - https:\/\/yoast.com\/wordpress\/plugins\/seo\/ -->\n<title>Support Center - Security | PayTR<\/title>\n<meta name=\"robots\" content=\"index, follow, max-snippet:-1, max-image-preview:large, max-video-preview:-1\" \/>\n<link rel=\"canonical\" href=\"https:\/\/www.paytr.com\/en\/support-center\/support-center-security\" \/>\n<meta property=\"og:locale\" content=\"tr_TR\" \/>\n<meta property=\"og:type\" content=\"article\" \/>\n<meta property=\"og:title\" content=\"Support Center - Security\" \/>\n<meta property=\"og:url\" content=\"https:\/\/www.paytr.com\/en\/support-center\/support-center-security\" \/>\n<meta property=\"og:site_name\" content=\"PayTR\" \/>\n<meta property=\"article:publisher\" content=\"https:\/\/tr-tr.facebook.com\/paytrcom\/\" \/>\n<meta property=\"article:modified_time\" content=\"2024-12-18T12:22:48+00:00\" \/>\n<meta name=\"twitter:card\" content=\"summary_large_image\" \/>\n<meta name=\"twitter:site\" content=\"@paytrcom\" \/>\n<script type=\"application\/ld+json\" class=\"yoast-schema-graph\">{\"@context\":\"https:\/\/schema.org\",\"@graph\":[{\"@type\":\"WebPage\",\"@id\":\"https:\/\/www.paytr.com\/en\/support-center\/support-center-security\",\"url\":\"https:\/\/www.paytr.com\/en\/support-center\/support-center-security\",\"name\":\"Support Center - Security | PayTR\",\"isPartOf\":{\"@id\":\"https:\/\/www.paytr.com\/en#website\"},\"datePublished\":\"2024-05-08T07:07:12+00:00\",\"dateModified\":\"2024-12-18T12:22:48+00:00\",\"breadcrumb\":{\"@id\":\"https:\/\/www.paytr.com\/en\/support-center\/support-center-security#breadcrumb\"},\"inLanguage\":\"en-US\",\"potentialAction\":[{\"@type\":\"ReadAction\",\"target\":[\"https:\/\/www.paytr.com\/en\/support-center\/support-center-security\"]}]},{\"@type\":\"BreadcrumbList\",\"@id\":\"https:\/\/www.paytr.com\/en\/support-center\/support-center-security#breadcrumb\",\"itemListElement\":[{\"@type\":\"ListItem\",\"position\":1,\"name\":\"Home\",\"item\":\"https:\/\/www.paytr.com\/en\"},{\"@type\":\"ListItem\",\"position\":2,\"name\":\"Support Center\",\"item\":\"https:\/\/www.paytr.com\/en\/support-center\"},{\"@type\":\"ListItem\",\"position\":3,\"name\":\"Support Center &#8211; Security\"}]},{\"@type\":\"WebSite\",\"@id\":\"https:\/\/www.paytr.com\/en#website\",\"url\":\"https:\/\/www.paytr.com\/en\",\"name\":\"PayTR\",\"description\":\"\u00d6deme \u00c7\u00f6z\u00fcmleri\",\"publisher\":{\"@id\":\"https:\/\/www.paytr.com\/en#organization\"},\"potentialAction\":[{\"@type\":\"SearchAction\",\"target\":{\"@type\":\"EntryPoint\",\"urlTemplate\":\"https:\/\/www.paytr.com\/en?s={search_term_string}\"},\"query-input\":{\"@type\":\"PropertyValueSpecification\",\"valueRequired\":true,\"valueName\":\"search_term_string\"}}],\"inLanguage\":\"en-US\"},{\"@type\":\"Organization\",\"@id\":\"https:\/\/www.paytr.com\/en#organization\",\"name\":\"PayTR\",\"url\":\"https:\/\/www.paytr.com\/en\",\"logo\":{\"@type\":\"ImageObject\",\"inLanguage\":\"en-US\",\"@id\":\"https:\/\/www.paytr.com\/en#\/schema\/logo\/image\/\",\"url\":\"https:\/\/www.paytr.com\/wp-content\/uploads\/PayTR-2025-New-Logo-Color.png\",\"contentUrl\":\"https:\/\/www.paytr.com\/wp-content\/uploads\/PayTR-2025-New-Logo-Color.png\",\"width\":2000,\"height\":340,\"caption\":\"PayTR\"},\"image\":{\"@id\":\"https:\/\/www.paytr.com\/en#\/schema\/logo\/image\/\"},\"sameAs\":[\"https:\/\/tr-tr.facebook.com\/paytrcom\/\",\"https:\/\/x.com\/paytrcom\",\"https:\/\/tr.linkedin.com\/company\/paytr\",\"https:\/\/www.youtube.com\/@paytrcom\",\"https:\/\/www.instagram.com\/paytrcom\/\"]}]}<\/script>\n<!-- \/ Yoast SEO Premium plugin. -->","yoast_head_json":{"title":"Support Center - Security | PayTR","robots":{"index":"index","follow":"follow","max-snippet":"max-snippet:-1","max-image-preview":"max-image-preview:large","max-video-preview":"max-video-preview:-1"},"canonical":"https:\/\/www.paytr.com\/en\/support-center\/support-center-security","og_locale":"tr_TR","og_type":"article","og_title":"Support Center - Security","og_url":"https:\/\/www.paytr.com\/en\/support-center\/support-center-security","og_site_name":"PayTR","article_publisher":"https:\/\/tr-tr.facebook.com\/paytrcom\/","article_modified_time":"2024-12-18T12:22:48+00:00","twitter_card":"summary_large_image","twitter_site":"@paytrcom","schema":{"@context":"https:\/\/schema.org","@graph":[{"@type":"WebPage","@id":"https:\/\/www.paytr.com\/en\/support-center\/support-center-security","url":"https:\/\/www.paytr.com\/en\/support-center\/support-center-security","name":"Support Center - Security | PayTR","isPartOf":{"@id":"https:\/\/www.paytr.com\/en#website"},"datePublished":"2024-05-08T07:07:12+00:00","dateModified":"2024-12-18T12:22:48+00:00","breadcrumb":{"@id":"https:\/\/www.paytr.com\/en\/support-center\/support-center-security#breadcrumb"},"inLanguage":"en-US","potentialAction":[{"@type":"ReadAction","target":["https:\/\/www.paytr.com\/en\/support-center\/support-center-security"]}]},{"@type":"BreadcrumbList","@id":"https:\/\/www.paytr.com\/en\/support-center\/support-center-security#breadcrumb","itemListElement":[{"@type":"ListItem","position":1,"name":"Home","item":"https:\/\/www.paytr.com\/en"},{"@type":"ListItem","position":2,"name":"Support Center","item":"https:\/\/www.paytr.com\/en\/support-center"},{"@type":"ListItem","position":3,"name":"Support Center &#8211; Security"}]},{"@type":"WebSite","@id":"https:\/\/www.paytr.com\/en#website","url":"https:\/\/www.paytr.com\/en","name":"PayTR","description":"\u00d6deme \u00c7\u00f6z\u00fcmleri","publisher":{"@id":"https:\/\/www.paytr.com\/en#organization"},"potentialAction":[{"@type":"SearchAction","target":{"@type":"EntryPoint","urlTemplate":"https:\/\/www.paytr.com\/en?s={search_term_string}"},"query-input":{"@type":"PropertyValueSpecification","valueRequired":true,"valueName":"search_term_string"}}],"inLanguage":"en-US"},{"@type":"Organization","@id":"https:\/\/www.paytr.com\/en#organization","name":"PayTR","url":"https:\/\/www.paytr.com\/en","logo":{"@type":"ImageObject","inLanguage":"en-US","@id":"https:\/\/www.paytr.com\/en#\/schema\/logo\/image\/","url":"https:\/\/www.paytr.com\/wp-content\/uploads\/PayTR-2025-New-Logo-Color.png","contentUrl":"https:\/\/www.paytr.com\/wp-content\/uploads\/PayTR-2025-New-Logo-Color.png","width":2000,"height":340,"caption":"PayTR"},"image":{"@id":"https:\/\/www.paytr.com\/en#\/schema\/logo\/image\/"},"sameAs":["https:\/\/tr-tr.facebook.com\/paytrcom\/","https:\/\/x.com\/paytrcom","https:\/\/tr.linkedin.com\/company\/paytr","https:\/\/www.youtube.com\/@paytrcom","https:\/\/www.instagram.com\/paytrcom\/"]}]}},"_links":{"self":[{"href":"https:\/\/www.paytr.com\/en\/wp-json\/wp\/v2\/pages\/10322","targetHints":{"allow":["GET"]}}],"collection":[{"href":"https:\/\/www.paytr.com\/en\/wp-json\/wp\/v2\/pages"}],"about":[{"href":"https:\/\/www.paytr.com\/en\/wp-json\/wp\/v2\/types\/page"}],"author":[{"embeddable":true,"href":"https:\/\/www.paytr.com\/en\/wp-json\/wp\/v2\/users\/1"}],"replies":[{"embeddable":true,"href":"https:\/\/www.paytr.com\/en\/wp-json\/wp\/v2\/comments?post=10322"}],"version-history":[{"count":1,"href":"https:\/\/www.paytr.com\/en\/wp-json\/wp\/v2\/pages\/10322\/revisions"}],"predecessor-version":[{"id":10323,"href":"https:\/\/www.paytr.com\/en\/wp-json\/wp\/v2\/pages\/10322\/revisions\/10323"}],"up":[{"embeddable":true,"href":"https:\/\/www.paytr.com\/en\/wp-json\/wp\/v2\/pages\/10304"}],"wp:attachment":[{"href":"https:\/\/www.paytr.com\/en\/wp-json\/wp\/v2\/media?parent=10322"}],"curies":[{"name":"wp","href":"https:\/\/api.w.org\/{rel}","templated":true}]}}