{"id":10326,"date":"2022-11-23T13:05:36","date_gmt":"2022-11-23T10:05:36","guid":{"rendered":"https:\/\/www.paytr.com\/integrations"},"modified":"2024-12-25T02:57:08","modified_gmt":"2024-12-24T23:57:08","slug":"integrations","status":"publish","type":"page","link":"https:\/\/www.paytr.com\/en\/integrations\/","title":{"rendered":"Integrations"},"content":{"rendered":"<section class=\"section-container page-header-area\">\n\n    <div class=\" flow-content\">\n        <h2 class=\"page-title\" class=\"page-title\" id=\"integrations\">Integrations<\/h2>\n        <div class=\"page-desc\">        <\/div>\n    <\/div>\n    <div class=\"breadcrumbs\">\n        <div class=\"breadcrumbs-list\">\n            <a href='\/' class='breadcrumb-item'>Homepage<\/a>\n                        <a href=\"javascript:void(0)\" style=\"pointer-events: none; cursor: default;\" class='breadcrumb-item'>Integrations<\/a>\n            <div class=\"breadcrumbs-popover\">\n                    <p>Integrations<\/p>\n                <\/div>\n                    <\/div>\n        <div class=\"breadcrumbs-divider\"><\/div>\n    <\/div>\n<\/section>\n\n<section class=\"section-container\">\n    <h2 class=\"section-title bold center\">\n        Fast Installation        <span class=\"clr-primary-light\">.<\/span>\n    <\/h2>\n    <p class=\"sub-title center\">\n        Complete your integration in a short time for the Ready Infrastructures and Open Sources you use.    <\/p>\n    <div class=\"topics-container\">\n        <div class='topics-item-container'>\n\n                                                                                   <div class='topic-item topic-item-integrations'>\n                        <img decoding=\"async\" data-src=\"https:\/\/www.paytr.com\/wp-content\/uploads\/Tu\u0308m-Yazilimlar-I\u0307le-Uyumlu.png\" alt=\"\" src=\"data:image\/svg+xml;base64,PHN2ZyB3aWR0aD0iMSIgaGVpZ2h0PSIxIiB4bWxucz0iaHR0cDovL3d3dy53My5vcmcvMjAwMC9zdmciPjwvc3ZnPg==\" class=\"lazyload\" style=\"--smush-placeholder-width: 60px; --smush-placeholder-aspect-ratio: 60\/60;\">\n                        <p>Compatible with All Software<\/p>\n                    <\/div>\n                                                                                       <div class='topic-item topic-item-integrations'>\n                        <img decoding=\"async\" data-src=\"https:\/\/www.paytr.com\/wp-content\/uploads\/Kolay-Entegrasyon-Hazir-Kod-O\u0308rnekleri.png\" alt=\"\" src=\"data:image\/svg+xml;base64,PHN2ZyB3aWR0aD0iMSIgaGVpZ2h0PSIxIiB4bWxucz0iaHR0cDovL3d3dy53My5vcmcvMjAwMC9zdmciPjwvc3ZnPg==\" class=\"lazyload\" style=\"--smush-placeholder-width: 60px; --smush-placeholder-aspect-ratio: 60\/60;\">\n                        <p>Easy Integration, Ready Code Samples<\/p>\n                    <\/div>\n                                                                                       <div class='topic-item topic-item-integrations'>\n                        <img decoding=\"async\" data-src=\"https:\/\/www.paytr.com\/wp-content\/uploads\/hazir-moduller-2.png\" alt=\"\" src=\"data:image\/svg+xml;base64,PHN2ZyB3aWR0aD0iMSIgaGVpZ2h0PSIxIiB4bWxucz0iaHR0cDovL3d3dy53My5vcmcvMjAwMC9zdmciPjwvc3ZnPg==\" class=\"lazyload\" style=\"--smush-placeholder-width: 60px; --smush-placeholder-aspect-ratio: 60\/60;\">\n                        <p>Ready Modules<\/p>\n                    <\/div>\n                                                                                       <div class='topic-item topic-item-integrations'>\n                        <img decoding=\"async\" data-src=\"https:\/\/www.paytr.com\/wp-content\/uploads\/PCI-DSS-Uyumu-Gerekli-Deg\u0306ildir-.png\" alt=\"\" src=\"data:image\/svg+xml;base64,PHN2ZyB3aWR0aD0iMSIgaGVpZ2h0PSIxIiB4bWxucz0iaHR0cDovL3d3dy53My5vcmcvMjAwMC9zdmciPjwvc3ZnPg==\" class=\"lazyload\" style=\"--smush-placeholder-width: 60px; --smush-placeholder-aspect-ratio: 60\/60;\">\n                        <p>PCI-DSS Compliance Not Required<\/p>\n                    <\/div>\n                                                                                       <div class='topic-item topic-item-integrations'>\n                        <img decoding=\"async\" data-src=\"https:\/\/www.paytr.com\/wp-content\/uploads\/2022\/11\/tek-entegrasyonla-o\u0308deme.png\" alt=\"\" src=\"data:image\/svg+xml;base64,PHN2ZyB3aWR0aD0iMSIgaGVpZ2h0PSIxIiB4bWxucz0iaHR0cDovL3d3dy53My5vcmcvMjAwMC9zdmciPjwvc3ZnPg==\" class=\"lazyload\" style=\"--smush-placeholder-width: 73px; --smush-placeholder-aspect-ratio: 73\/73;\">\n                        <p>Receiving Payments with Single Integration<\/p>\n                    <\/div>\n                                                                                       <div class='topic-item topic-item-integrations'>\n                        <img decoding=\"async\" data-src=\"https:\/\/www.paytr.com\/wp-content\/uploads\/2022\/11\/gu\u0308venli-altyapi.png\" alt=\"\" src=\"data:image\/svg+xml;base64,PHN2ZyB3aWR0aD0iMSIgaGVpZ2h0PSIxIiB4bWxucz0iaHR0cDovL3d3dy53My5vcmcvMjAwMC9zdmciPjwvc3ZnPg==\" class=\"lazyload\" style=\"--smush-placeholder-width: 73px; --smush-placeholder-aspect-ratio: 73\/73;\">\n                        <p>Secure Payment Infrastructure<\/p>\n                    <\/div>\n                                                                                       <div class='topic-item topic-item-integrations'>\n                        <img decoding=\"async\" data-src=\"https:\/\/www.paytr.com\/wp-content\/uploads\/kullanici-dostu-o\u0308deme-sayf..png\" alt=\"\" src=\"data:image\/svg+xml;base64,PHN2ZyB3aWR0aD0iMSIgaGVpZ2h0PSIxIiB4bWxucz0iaHR0cDovL3d3dy53My5vcmcvMjAwMC9zdmciPjwvc3ZnPg==\" class=\"lazyload\" style=\"--smush-placeholder-width: 73px; --smush-placeholder-aspect-ratio: 73\/73;\">\n                        <p>User Friendly Checkout Page<\/p>\n                    <\/div>\n                                                                                       <div class='topic-item topic-item-integrations'>\n                        <img decoding=\"async\" data-src=\"https:\/\/www.paytr.com\/wp-content\/uploads\/2022\/11\/Smart-Secure.png\" alt=\"\" src=\"data:image\/svg+xml;base64,PHN2ZyB3aWR0aD0iMSIgaGVpZ2h0PSIxIiB4bWxucz0iaHR0cDovL3d3dy53My5vcmcvMjAwMC9zdmciPjwvc3ZnPg==\" class=\"lazyload\" style=\"--smush-placeholder-width: 73px; --smush-placeholder-aspect-ratio: 73\/73;\">\n                        <p>Smart Secure<\/p>\n                    <\/div>\n                                         <\/div>\n<\/section>\n\n<section class=\"payment-channel\">\n    <div class=\"payment-channel-head section-container flow-content\">\n        <h2 class=\"section-title bold center\">Review Integrations<span class=\"clr-primary-light\">.<\/span>\n        <\/h2>\n        <p class=\"sub-title center\">Discover Off-the-Shelf Infrastructures where our products are fully integrated and Open Sources available to you.<\/p>\n    <\/div>\n                    <div class=\"tabs solution-tabs section-container\">\n                            <button class=\"tab-panel active-tab\" tab-id='hazir-altyapi'>Haz\u0131r Altyap\u0131<\/button>\n\n                            <button class=\"tab-panel \" tab-id='acik-kaynak'>A\u00e7\u0131k Kaynak<\/button>\n\n                    <\/div>\n    \n    \n                                                    <div class=\"tab-content active-content\" tab-id='hazir-altyapi'>\n                    <div class=\"custom-container\">\n                        <div class=\"swiper paymentCardSwiper\" id=\"paymentCardSwiper\">\n                            <div class=\"swiper-wrapper\">\n\n\n                                                            <\/div>\n                            <div class=\"bottom\">\n                                <div class=\"pagination-container\">\n                                    <div class=\"prev-btn-container custom-swiper-button-prev\">\n                                        <svg xmlns=\"http:\/\/www.w3.org\/2000\/svg\" width=\"15\" height=\"9\" viewbox=\"0 0 12 8\" fill=\"none\">\n                                            <path d=\"M5.60159 6.9297C5.69529 7.0703 5.83589 7.1172 5.99999 7.1172C6.1406 7.1172 6.2813 7.0703 6.3984 6.9297L10.9453\n                                    2.3828C11.0391 2.2891 11.1094 2.1484 11.1094 1.9844C11.1094 1.8437 11.0391 1.7031 10.9453 1.5859L10.4297 1.07031C10.3125\n                                    0.97656 10.1719 0.90625 10.0312 0.90625C9.86719 0.90625 9.72655 0.95312 9.6328 1.04687L6 4.6797L2.3672 1.04687C2.25\n                                    0.95312 2.1094 0.90625 1.96879 0.90625C1.8047 0.90625 1.66409 0.976559 1.57029 1.07031L1.0547 1.5859C0.937496 1.7031\n                                    0.890595 1.8437 0.890595 1.9844C0.890595 2.1484 0.937496 2.2891 1.0547 2.3828L5.60159 6.9297Z\" fill=\"black\" \/>\n                                        <\/svg>\n                                    <\/div>\n                                    <div class=\"next-btn-container custom-swiper-button-next\">\n                                        <svg xmlns=\"http:\/\/www.w3.org\/2000\/svg\" width=\"15\" height=\"9\" viewbox=\"0 0 12 8\" fill=\"none\">\n                                            <path d=\"M5.60159 6.9297C5.69529 7.0703 5.83589 7.1172 5.99999 7.1172C6.1406 7.1172 6.2813 7.0703 6.3984 6.9297L10.9453\n                                    2.3828C11.0391 2.2891 11.1094 2.1484 11.1094 1.9844C11.1094 1.8437 11.0391 1.7031 10.9453 1.5859L10.4297 1.07031C10.3125\n                                    0.97656 10.1719 0.90625 10.0312 0.90625C9.86719 0.90625 9.72655 0.95312 9.6328 1.04687L6 4.6797L2.3672 1.04687C2.25\n                                    0.95312 2.1094 0.90625 1.96879 0.90625C1.8047 0.90625 1.66409 0.976559 1.57029 1.07031L1.0547 1.5859C0.937496 1.7031\n                                    0.890595 1.8437 0.890595 1.9844C0.890595 2.1484 0.937496 2.2891 1.0547 2.3828L5.60159 6.9297Z\" fill=\"black\" \/>\n                                        <\/svg>\n                                    <\/div>\n                                <\/div>\n                                <span class=\"line\"><\/span>\n                                <a href=\"\/hazir-altyapilar\" class=\"link size:small\">\n                                    <span>Check out the category<\/span>\n                                    <div class=\"svg-container\">\n                                        <svg xmlns=\"http:\/\/www.w3.org\/2000\/svg\" width=\"8\" height=\"8\" viewbox=\"0 0 12 8\" fill=\"none\">\n                                            <path d=\"M5.60159 6.9297C5.69529 7.0703 5.83589 7.1172 5.99999 7.1172C6.1406 7.1172 6.2813 7.0703 6.3984 6.9297L10.9453\n                                    2.3828C11.0391 2.2891 11.1094 2.1484 11.1094 1.9844C11.1094 1.8437 11.0391 1.7031 10.9453 1.5859L10.4297 1.07031C10.3125\n                                    0.97656 10.1719 0.90625 10.0312 0.90625C9.86719 0.90625 9.72655 0.95312 9.6328 1.04687L6 4.6797L2.3672 1.04687C2.25\n                                    0.95312 2.1094 0.90625 1.96879 0.90625C1.8047 0.90625 1.66409 0.976559 1.57029 1.07031L1.0547 1.5859C0.937496 1.7031\n                                    0.890595 1.8437 0.890595 1.9844C0.890595 2.1484 0.937496 2.2891 1.0547 2.3828L5.60159 6.9297Z\" fill=\"black\" \/>\n                                        <\/svg>\n                                    <\/div>\n                                <\/a>\n                            <\/div>\n                        <\/div>\n                    <\/div>\n                <\/div>\n\n                                            <div class=\"tab-content \" tab-id='acik-kaynak'>\n                    <div class=\"custom-container\">\n                        <div class=\"swiper paymentCardSwiper\" id=\"paymentCardSwiper\">\n                            <div class=\"swiper-wrapper\">\n\n\n                                                            <\/div>\n                            <div class=\"bottom\">\n                                <div class=\"pagination-container\">\n                                    <div class=\"prev-btn-container custom-swiper-button-prev\">\n                                        <svg xmlns=\"http:\/\/www.w3.org\/2000\/svg\" width=\"15\" height=\"9\" viewbox=\"0 0 12 8\" fill=\"none\">\n                                            <path d=\"M5.60159 6.9297C5.69529 7.0703 5.83589 7.1172 5.99999 7.1172C6.1406 7.1172 6.2813 7.0703 6.3984 6.9297L10.9453\n                                    2.3828C11.0391 2.2891 11.1094 2.1484 11.1094 1.9844C11.1094 1.8437 11.0391 1.7031 10.9453 1.5859L10.4297 1.07031C10.3125\n                                    0.97656 10.1719 0.90625 10.0312 0.90625C9.86719 0.90625 9.72655 0.95312 9.6328 1.04687L6 4.6797L2.3672 1.04687C2.25\n                                    0.95312 2.1094 0.90625 1.96879 0.90625C1.8047 0.90625 1.66409 0.976559 1.57029 1.07031L1.0547 1.5859C0.937496 1.7031\n                                    0.890595 1.8437 0.890595 1.9844C0.890595 2.1484 0.937496 2.2891 1.0547 2.3828L5.60159 6.9297Z\" fill=\"black\" \/>\n                                        <\/svg>\n                                    <\/div>\n                                    <div class=\"next-btn-container custom-swiper-button-next\">\n                                        <svg xmlns=\"http:\/\/www.w3.org\/2000\/svg\" width=\"15\" height=\"9\" viewbox=\"0 0 12 8\" fill=\"none\">\n                                            <path d=\"M5.60159 6.9297C5.69529 7.0703 5.83589 7.1172 5.99999 7.1172C6.1406 7.1172 6.2813 7.0703 6.3984 6.9297L10.9453\n                                    2.3828C11.0391 2.2891 11.1094 2.1484 11.1094 1.9844C11.1094 1.8437 11.0391 1.7031 10.9453 1.5859L10.4297 1.07031C10.3125\n                                    0.97656 10.1719 0.90625 10.0312 0.90625C9.86719 0.90625 9.72655 0.95312 9.6328 1.04687L6 4.6797L2.3672 1.04687C2.25\n                                    0.95312 2.1094 0.90625 1.96879 0.90625C1.8047 0.90625 1.66409 0.976559 1.57029 1.07031L1.0547 1.5859C0.937496 1.7031\n                                    0.890595 1.8437 0.890595 1.9844C0.890595 2.1484 0.937496 2.2891 1.0547 2.3828L5.60159 6.9297Z\" fill=\"black\" \/>\n                                        <\/svg>\n                                    <\/div>\n                                <\/div>\n                                <span class=\"line\"><\/span>\n                                <a href=\"\/acik-kaynakli-altyapilar\" class=\"link size:small\">\n                                    <span>Check out the category<\/span>\n                                    <div class=\"svg-container\">\n                                        <svg xmlns=\"http:\/\/www.w3.org\/2000\/svg\" width=\"8\" height=\"8\" viewbox=\"0 0 12 8\" fill=\"none\">\n                                            <path d=\"M5.60159 6.9297C5.69529 7.0703 5.83589 7.1172 5.99999 7.1172C6.1406 7.1172 6.2813 7.0703 6.3984 6.9297L10.9453\n                                    2.3828C11.0391 2.2891 11.1094 2.1484 11.1094 1.9844C11.1094 1.8437 11.0391 1.7031 10.9453 1.5859L10.4297 1.07031C10.3125\n                                    0.97656 10.1719 0.90625 10.0312 0.90625C9.86719 0.90625 9.72655 0.95312 9.6328 1.04687L6 4.6797L2.3672 1.04687C2.25\n                                    0.95312 2.1094 0.90625 1.96879 0.90625C1.8047 0.90625 1.66409 0.976559 1.57029 1.07031L1.0547 1.5859C0.937496 1.7031\n                                    0.890595 1.8437 0.890595 1.9844C0.890595 2.1484 0.937496 2.2891 1.0547 2.3828L5.60159 6.9297Z\" fill=\"black\" \/>\n                                        <\/svg>\n                                    <\/div>\n                                <\/a>\n                            <\/div>\n                        <\/div>\n                    <\/div>\n                <\/div>\n\n                                        <\/section>\n\n<script>\n    let paymentCardSwiper = new Swiper(\".paymentCardSwiper\", {\n        spaceBetween: 30,\n        slidesPerView: \"auto\",\n        pagination: {\n            clickable: true\n        },\n        navigation: {\n            nextEl: '.custom-swiper-button-next',\n            prevEl: '.custom-swiper-button-prev'\n        },\n        breakpoints: {\n            360: {\n                spaceBetween: 15,\n            }\n        },\n    });\n<\/script>\n\n<section class=\"banner section-container       \" style='margin-top: 140'>\n\n            <div class=\"banner__left-container\">\n            <div class=\"banner__title\">Access all our integration solutions            <\/div>\n                            <p class=\"banner__desc\">Click to see all integration documents.<\/p>\n                                                                <div class='banner__buttons-container'>\n                                            <a rel=\"nofollow\" href='https:\/\/dev.paytr.com\/hazir-altyapi' class=\"button button-primary\">See All<\/a>\n                                                        <\/div>\n                    <\/div>\n\n        <div class=\"banner__right-container\">\n\n                            <div class='banner__image-container'>\n                    <img decoding=\"async\" class='banner__image lazyload' data-src=\"https:\/\/www.paytr.com\/wp-content\/uploads\/2022\/11\/laptop.png\" src=\"data:image\/svg+xml;base64,PHN2ZyB3aWR0aD0iMSIgaGVpZ2h0PSIxIiB4bWxucz0iaHR0cDovL3d3dy53My5vcmcvMjAwMC9zdmciPjwvc3ZnPg==\" style=\"--smush-placeholder-width: 548px; --smush-placeholder-aspect-ratio: 548\/313;\" \/>\n                <\/div>\n            \n                    <\/div>\n    \n<\/section>","protected":false},"excerpt":{"rendered":"","protected":false},"author":1,"featured_media":0,"parent":0,"menu_order":0,"comment_status":"closed","ping_status":"closed","template":"","meta":{"footnotes":""},"class_list":["post-10326","page","type-page","status-publish","hentry"],"acf":[],"yoast_head":"<!-- This site is optimized with the Yoast SEO Premium plugin v25.3.1 (Yoast SEO v25.3.1) - https:\/\/yoast.com\/wordpress\/plugins\/seo\/ -->\n<title>Easy Virtual POS Integration | PayTR<\/title>\n<meta name=\"description\" content=\"You can find all information about PayTR Virtual POS and payment solutions integration on this page. API integration with ready-made modules is very easy.\" \/>\n<meta name=\"robots\" content=\"index, follow, max-snippet:-1, max-image-preview:large, max-video-preview:-1\" \/>\n<link rel=\"canonical\" href=\"https:\/\/www.paytr.com\/en\/integrations\/\" \/>\n<meta property=\"og:locale\" content=\"tr_TR\" \/>\n<meta property=\"og:type\" content=\"article\" \/>\n<meta property=\"og:title\" content=\"Integrations\" \/>\n<meta property=\"og:description\" content=\"You can find all information about PayTR Virtual POS and payment solutions integration on this page. API integration with ready-made modules is very easy.\" \/>\n<meta property=\"og:url\" content=\"https:\/\/www.paytr.com\/en\/integrations\/\" \/>\n<meta property=\"og:site_name\" content=\"PayTR\" \/>\n<meta property=\"article:publisher\" content=\"https:\/\/tr-tr.facebook.com\/paytrcom\/\" \/>\n<meta property=\"article:modified_time\" content=\"2024-12-24T23:57:08+00:00\" \/>\n<meta name=\"twitter:card\" content=\"summary_large_image\" \/>\n<meta name=\"twitter:site\" content=\"@paytrcom\" \/>\n<script type=\"application\/ld+json\" class=\"yoast-schema-graph\">{\"@context\":\"https:\/\/schema.org\",\"@graph\":[{\"@type\":\"WebPage\",\"@id\":\"https:\/\/www.paytr.com\/en\/integrations\/\",\"url\":\"https:\/\/www.paytr.com\/en\/integrations\/\",\"name\":\"Easy Virtual POS Integration | PayTR\",\"isPartOf\":{\"@id\":\"https:\/\/www.paytr.com\/en\/#website\"},\"datePublished\":\"2022-11-23T10:05:36+00:00\",\"dateModified\":\"2024-12-24T23:57:08+00:00\",\"description\":\"You can find all information about PayTR Virtual POS and payment solutions integration on this page. API integration with ready-made modules is very easy.\",\"breadcrumb\":{\"@id\":\"https:\/\/www.paytr.com\/en\/integrations\/#breadcrumb\"},\"inLanguage\":\"en-US\",\"potentialAction\":[{\"@type\":\"ReadAction\",\"target\":[\"https:\/\/www.paytr.com\/en\/integrations\/\"]}]},{\"@type\":\"BreadcrumbList\",\"@id\":\"https:\/\/www.paytr.com\/en\/integrations\/#breadcrumb\",\"itemListElement\":[{\"@type\":\"ListItem\",\"position\":1,\"name\":\"Home\",\"item\":\"https:\/\/www.paytr.com\/en\/\"},{\"@type\":\"ListItem\",\"position\":2,\"name\":\"Integrations\"}]},{\"@type\":\"WebSite\",\"@id\":\"https:\/\/www.paytr.com\/en\/#website\",\"url\":\"https:\/\/www.paytr.com\/en\/\",\"name\":\"PayTR\",\"description\":\"\u00d6deme \u00c7\u00f6z\u00fcmleri\",\"publisher\":{\"@id\":\"https:\/\/www.paytr.com\/en\/#organization\"},\"potentialAction\":[{\"@type\":\"SearchAction\",\"target\":{\"@type\":\"EntryPoint\",\"urlTemplate\":\"https:\/\/www.paytr.com\/en\/?s={search_term_string}\"},\"query-input\":{\"@type\":\"PropertyValueSpecification\",\"valueRequired\":true,\"valueName\":\"search_term_string\"}}],\"inLanguage\":\"en-US\"},{\"@type\":\"Organization\",\"@id\":\"https:\/\/www.paytr.com\/en\/#organization\",\"name\":\"PayTR\",\"url\":\"https:\/\/www.paytr.com\/en\/\",\"logo\":{\"@type\":\"ImageObject\",\"inLanguage\":\"en-US\",\"@id\":\"https:\/\/www.paytr.com\/en\/#\/schema\/logo\/image\/\",\"url\":\"https:\/\/www.paytr.com\/wp-content\/uploads\/PayTR-2025-New-Logo-Color.png\",\"contentUrl\":\"https:\/\/www.paytr.com\/wp-content\/uploads\/PayTR-2025-New-Logo-Color.png\",\"width\":2000,\"height\":340,\"caption\":\"PayTR\"},\"image\":{\"@id\":\"https:\/\/www.paytr.com\/en\/#\/schema\/logo\/image\/\"},\"sameAs\":[\"https:\/\/tr-tr.facebook.com\/paytrcom\/\",\"https:\/\/x.com\/paytrcom\",\"https:\/\/tr.linkedin.com\/company\/paytr\",\"https:\/\/www.youtube.com\/@paytrcom\",\"https:\/\/www.instagram.com\/paytrcom\/\"]}]}<\/script>\n<!-- \/ Yoast SEO Premium plugin. -->","yoast_head_json":{"title":"Easy Virtual POS Integration | PayTR","description":"You can find all information about PayTR Virtual POS and payment solutions integration on this page. API integration with ready-made modules is very easy.","robots":{"index":"index","follow":"follow","max-snippet":"max-snippet:-1","max-image-preview":"max-image-preview:large","max-video-preview":"max-video-preview:-1"},"canonical":"https:\/\/www.paytr.com\/en\/integrations\/","og_locale":"tr_TR","og_type":"article","og_title":"Integrations","og_description":"You can find all information about PayTR Virtual POS and payment solutions integration on this page. API integration with ready-made modules is very easy.","og_url":"https:\/\/www.paytr.com\/en\/integrations\/","og_site_name":"PayTR","article_publisher":"https:\/\/tr-tr.facebook.com\/paytrcom\/","article_modified_time":"2024-12-24T23:57:08+00:00","twitter_card":"summary_large_image","twitter_site":"@paytrcom","schema":{"@context":"https:\/\/schema.org","@graph":[{"@type":"WebPage","@id":"https:\/\/www.paytr.com\/en\/integrations\/","url":"https:\/\/www.paytr.com\/en\/integrations\/","name":"Easy Virtual POS Integration | PayTR","isPartOf":{"@id":"https:\/\/www.paytr.com\/en\/#website"},"datePublished":"2022-11-23T10:05:36+00:00","dateModified":"2024-12-24T23:57:08+00:00","description":"You can find all information about PayTR Virtual POS and payment solutions integration on this page. API integration with ready-made modules is very easy.","breadcrumb":{"@id":"https:\/\/www.paytr.com\/en\/integrations\/#breadcrumb"},"inLanguage":"en-US","potentialAction":[{"@type":"ReadAction","target":["https:\/\/www.paytr.com\/en\/integrations\/"]}]},{"@type":"BreadcrumbList","@id":"https:\/\/www.paytr.com\/en\/integrations\/#breadcrumb","itemListElement":[{"@type":"ListItem","position":1,"name":"Home","item":"https:\/\/www.paytr.com\/en\/"},{"@type":"ListItem","position":2,"name":"Integrations"}]},{"@type":"WebSite","@id":"https:\/\/www.paytr.com\/en\/#website","url":"https:\/\/www.paytr.com\/en\/","name":"PayTR","description":"\u00d6deme \u00c7\u00f6z\u00fcmleri","publisher":{"@id":"https:\/\/www.paytr.com\/en\/#organization"},"potentialAction":[{"@type":"SearchAction","target":{"@type":"EntryPoint","urlTemplate":"https:\/\/www.paytr.com\/en\/?s={search_term_string}"},"query-input":{"@type":"PropertyValueSpecification","valueRequired":true,"valueName":"search_term_string"}}],"inLanguage":"en-US"},{"@type":"Organization","@id":"https:\/\/www.paytr.com\/en\/#organization","name":"PayTR","url":"https:\/\/www.paytr.com\/en\/","logo":{"@type":"ImageObject","inLanguage":"en-US","@id":"https:\/\/www.paytr.com\/en\/#\/schema\/logo\/image\/","url":"https:\/\/www.paytr.com\/wp-content\/uploads\/PayTR-2025-New-Logo-Color.png","contentUrl":"https:\/\/www.paytr.com\/wp-content\/uploads\/PayTR-2025-New-Logo-Color.png","width":2000,"height":340,"caption":"PayTR"},"image":{"@id":"https:\/\/www.paytr.com\/en\/#\/schema\/logo\/image\/"},"sameAs":["https:\/\/tr-tr.facebook.com\/paytrcom\/","https:\/\/x.com\/paytrcom","https:\/\/tr.linkedin.com\/company\/paytr","https:\/\/www.youtube.com\/@paytrcom","https:\/\/www.instagram.com\/paytrcom\/"]}]}},"_links":{"self":[{"href":"https:\/\/www.paytr.com\/en\/wp-json\/wp\/v2\/pages\/10326","targetHints":{"allow":["GET"]}}],"collection":[{"href":"https:\/\/www.paytr.com\/en\/wp-json\/wp\/v2\/pages"}],"about":[{"href":"https:\/\/www.paytr.com\/en\/wp-json\/wp\/v2\/types\/page"}],"author":[{"embeddable":true,"href":"https:\/\/www.paytr.com\/en\/wp-json\/wp\/v2\/users\/1"}],"replies":[{"embeddable":true,"href":"https:\/\/www.paytr.com\/en\/wp-json\/wp\/v2\/comments?post=10326"}],"version-history":[{"count":4,"href":"https:\/\/www.paytr.com\/en\/wp-json\/wp\/v2\/pages\/10326\/revisions"}],"predecessor-version":[{"id":10962,"href":"https:\/\/www.paytr.com\/en\/wp-json\/wp\/v2\/pages\/10326\/revisions\/10962"}],"wp:attachment":[{"href":"https:\/\/www.paytr.com\/en\/wp-json\/wp\/v2\/media?parent=10326"}],"curies":[{"name":"wp","href":"https:\/\/api.w.org\/{rel}","templated":true}]}}