{"id":10329,"date":"2022-12-12T08:33:08","date_gmt":"2022-12-12T05:33:08","guid":{"rendered":"https:\/\/www.paytr.com\/physical-payment-solutions"},"modified":"2024-12-18T15:31:51","modified_gmt":"2024-12-18T12:31:51","slug":"physical-payment-solutions","status":"publish","type":"page","link":"https:\/\/www.paytr.com\/en\/physical-payment-solutions\/","title":{"rendered":"Physical Payment Solutions"},"content":{"rendered":"<section class=\"section-container page-header-area\">\n\n    <div class=\" flow-content\">\n        <h2 class=\"page-title\" class=\"page-title\" id=\"physical-payment-solutions\">Physical Payment Solutions<\/h2>\n        <div class=\"page-desc\">With PayTR Physical Payment Solutions, you can receive payments for your physical sales quickly and securely.        <\/div>\n    <\/div>\n    <div class=\"breadcrumbs\">\n        <div class=\"breadcrumbs-list\">\n            <a href='\/' class='breadcrumb-item'>Homepage<\/a>\n                        <a href=\"javascript:void(0)\" style=\"pointer-events: none; cursor: default;\" class='breadcrumb-item'>Physical Payment Solutions<\/a>\n            <div class=\"breadcrumbs-popover\">\n                    <p>Physical Payment Solutions<\/p>\n                <\/div>\n                    <\/div>\n        <div class=\"breadcrumbs-divider\"><\/div>\n    <\/div>\n<\/section>    <section class=\"payments-hero hero starting-hero\">\n        <div class=\"hero-bg-neutral\">\n            <div class=\"hero-container\">\n                <div class=\"hero-area\">\n                    <div class=\"section-container\">\n                        <div class='hero-content mobile-reverse'>\n                                                        <div class=\"hero-text-content flow-content\">\n                                <h2 class=\"card-title\" style=\"font-weight: 600;font-size: 3.6rem;color: #0f2666;\" class=\"card-title\" style=\"font-weight: 600;font-size: 3.6rem;color: #0f2666;\" id=\"neopos\">NeoPOS<\/h2>\n                                \n                                <p><strong>With NeoPOS, your smartphone turns into a POS device!<\/strong><\/p>\n<p>PayTR NeoPOS allows you to receive contactless, fast and secure payments from smartphones or tablets with NFC-enabled Android Operating System, just like receiving payments from a POS<br \/>\ndevice.<\/p>\n                                                                    <div class=\"btn-container\">\n                                                                                    <!-- <button class=\"buttons\" style=\"background-color: inherit;\"> -->\n                                            <a href=\"\/uye-isyeri-olun\" class=\"button button-primary-light size:large\">Apply Now<\/a>\n                                            <!-- <\/button> -->\n                                                                                                                            <button class=\"buttons\" style=\"background-color: inherit;\">\n                                                <a href=\"\/neopos\" class=\"button button-transparent-light size:large\">Review<\/a>\n                                            <\/button>\n                                                                            <\/div>\n                                \n                            <\/div>\n                                                            <div class=\"hero-form\">\n                                    <img decoding=\"async\" data-src=\"https:\/\/www.paytr.com\/wp-content\/uploads\/neopos-2.png\" alt=\"\" src=\"data:image\/svg+xml;base64,PHN2ZyB3aWR0aD0iMSIgaGVpZ2h0PSIxIiB4bWxucz0iaHR0cDovL3d3dy53My5vcmcvMjAwMC9zdmciPjwvc3ZnPg==\" class=\"lazyload\" style=\"--smush-placeholder-width: 662px; --smush-placeholder-aspect-ratio: 662\/447;\">\n                                <\/div>\n                                                    <\/div>\n                    <\/div>\n                <\/div>\n            <\/div>\n        <\/div>\n    <\/section>\n    <section class=\"payments-hero hero \">\n        <div class=\"hero-bg-neutral\">\n            <div class=\"hero-container\">\n                <div class=\"hero-area\">\n                    <div class=\"section-container\">\n                        <div class='hero-content '>\n                                                            <div class=\"hero-form\">\n                                    <img decoding=\"async\" data-src=\"https:\/\/www.paytr.com\/wp-content\/uploads\/mobil-odeme-2.png\" alt=\"\" src=\"data:image\/svg+xml;base64,PHN2ZyB3aWR0aD0iMSIgaGVpZ2h0PSIxIiB4bWxucz0iaHR0cDovL3d3dy53My5vcmcvMjAwMC9zdmciPjwvc3ZnPg==\" class=\"lazyload\" style=\"--smush-placeholder-width: 662px; --smush-placeholder-aspect-ratio: 662\/447;\">\n                                <\/div>\n                                                        <div class=\"hero-text-content flow-content\">\n                                <h2 class=\"card-title\" style=\"font-weight: 600;font-size: 3.6rem;color: #0f2666;\" class=\"card-title\" style=\"font-weight: 600;font-size: 3.6rem;color: #0f2666;\" id=\"mpos\">mPOS<\/h2>\n                                \n                                <p><strong>If you are looking for an ideal payment solution for your field operations, you are in the right product!<\/strong><\/p>\n<p>The mPOS feature in the PayTR Store application, which you can download to your Android or IOS device, turns your phone or tablet into a POS device and allows you to receive payments in seconds.<\/p>\n                                                                    <div class=\"btn-container\">\n                                                                                    <!-- <button class=\"buttons\" style=\"background-color: inherit;\"> -->\n                                            <a href=\"\/uye-isyeri-olun\" class=\"button button-primary-light size:large\">Apply Now<\/a>\n                                            <!-- <\/button> -->\n                                                                                                                            <button class=\"buttons\" style=\"background-color: inherit;\">\n                                                <a href=\"\/mpos\" class=\"button button-transparent-light size:large\">Review<\/a>\n                                            <\/button>\n                                                                            <\/div>\n                                \n                            <\/div>\n                                                    <\/div>\n                    <\/div>\n                <\/div>\n            <\/div>\n        <\/div>\n    <\/section>\n    <section class=\"payments-hero hero \">\n        <div class=\"hero-bg-neutral\">\n            <div class=\"hero-container\">\n                <div class=\"hero-area\">\n                    <div class=\"section-container\">\n                        <div class='hero-content mobile-reverse'>\n                                                        <div class=\"hero-text-content flow-content\">\n                                <h2 class=\"card-title\" style=\"font-weight: 600;font-size: 3.6rem;color: #0f2666;\" class=\"card-title\" style=\"font-weight: 600;font-size: 3.6rem;color: #0f2666;\" id=\"physical-pos\">Physical POS<\/h2>\n                                \n                                <p><strong>Get paid from all banks with a single device!<\/strong><\/p>\n<p>It enables you to receive payments from all banks with a single POS device in face-to-face store sales.<\/p>\n                                                                    <div class=\"btn-container\">\n                                                                                    <!-- <button class=\"buttons\" style=\"background-color: inherit;\"> -->\n                                            <a href=\"\/uye-isyeri-olun\" class=\"button button-primary-light size:large\">Apply Now<\/a>\n                                            <!-- <\/button> -->\n                                                                                                                            <button class=\"buttons\" style=\"background-color: inherit;\">\n                                                <a href=\"\/fiziki-pos\" class=\"button button-transparent-light size:large\">Review<\/a>\n                                            <\/button>\n                                                                            <\/div>\n                                \n                            <\/div>\n                                                            <div class=\"hero-form\">\n                                    <img decoding=\"async\" data-src=\"https:\/\/www.paytr.com\/wp-content\/uploads\/fizikipos2-1.png\" alt=\"\" src=\"data:image\/svg+xml;base64,PHN2ZyB3aWR0aD0iMSIgaGVpZ2h0PSIxIiB4bWxucz0iaHR0cDovL3d3dy53My5vcmcvMjAwMC9zdmciPjwvc3ZnPg==\" class=\"lazyload\" style=\"--smush-placeholder-width: 620px; --smush-placeholder-aspect-ratio: 620\/436;\">\n                                <\/div>\n                                                    <\/div>\n                    <\/div>\n                <\/div>\n            <\/div>\n        <\/div>\n    <\/section>\n    <section class=\"payments-hero hero \">\n        <div class=\"hero-bg-neutral\">\n            <div class=\"hero-container\">\n                <div class=\"hero-area\">\n                    <div class=\"section-container\">\n                        <div class='hero-content '>\n                                                            <div class=\"hero-form\">\n                                    <img decoding=\"async\" data-src=\"https:\/\/www.paytr.com\/wp-content\/uploads\/neopos-2.png\" alt=\"\" src=\"data:image\/svg+xml;base64,PHN2ZyB3aWR0aD0iMSIgaGVpZ2h0PSIxIiB4bWxucz0iaHR0cDovL3d3dy53My5vcmcvMjAwMC9zdmciPjwvc3ZnPg==\" class=\"lazyload\" style=\"--smush-placeholder-width: 662px; --smush-placeholder-aspect-ratio: 662\/447;\">\n                                <\/div>\n                                                        <div class=\"hero-text-content flow-content\">\n                                <h2 class=\"card-title\" style=\"font-weight: 600;font-size: 3.6rem;color: #0f2666;\" class=\"card-title\" style=\"font-weight: 600;font-size: 3.6rem;color: #0f2666;\" id=\"neopos\">NeoPOS+<\/h2>\n                                \n                                <p><strong>Receive payment with your phone with NeoPOS+ and send the e-invoice to your customer!<\/strong><\/p>\n<p>PayTR NeoPOS+ allows you to receive contactless payments by instantly turning your NFC-enabled Android smartphone or tablet into a POS device if you have a VUK obligation.<\/p>\n                                                                    <div class=\"btn-container\">\n                                                                                    <!-- <button class=\"buttons\" style=\"background-color: inherit;\"> -->\n                                            <a href=\"\/uye-isyeri-olun\" class=\"button button-primary-light size:large\">Apply Now<\/a>\n                                            <!-- <\/button> -->\n                                                                                                                            <button class=\"buttons\" style=\"background-color: inherit;\">\n                                                <a href=\"\/neopos-plus\" class=\"button button-transparent-light size:large\">Review<\/a>\n                                            <\/button>\n                                                                            <\/div>\n                                \n                            <\/div>\n                                                    <\/div>\n                    <\/div>\n                <\/div>\n            <\/div>\n        <\/div>\n    <\/section>\n","protected":false},"excerpt":{"rendered":"","protected":false},"author":1,"featured_media":0,"parent":0,"menu_order":0,"comment_status":"closed","ping_status":"closed","template":"","meta":{"footnotes":""},"class_list":["post-10329","page","type-page","status-publish","hentry"],"acf":[],"yoast_head":"<!-- This site is optimized with the Yoast SEO Premium plugin v25.3.1 (Yoast SEO v25.3.1) - https:\/\/yoast.com\/wordpress\/plugins\/seo\/ -->\n<title>Physical Payment Solutions | PayTR<\/title>\n<meta name=\"description\" content=\"Offer your customers a variety of payment options with PayTR physical payment solutions. Grow your business with secure physical payment solutions.\" \/>\n<meta name=\"robots\" content=\"index, follow, max-snippet:-1, max-image-preview:large, max-video-preview:-1\" \/>\n<link rel=\"canonical\" href=\"https:\/\/www.paytr.com\/en\/physical-payment-solutions\/\" \/>\n<meta property=\"og:locale\" content=\"tr_TR\" \/>\n<meta property=\"og:type\" content=\"article\" \/>\n<meta property=\"og:title\" content=\"Physical Payment Solutions\" \/>\n<meta property=\"og:description\" content=\"Offer your customers a variety of payment options with PayTR physical payment solutions. Grow your business with secure physical payment solutions.\" \/>\n<meta property=\"og:url\" content=\"https:\/\/www.paytr.com\/en\/physical-payment-solutions\/\" \/>\n<meta property=\"og:site_name\" content=\"PayTR\" \/>\n<meta property=\"article:publisher\" content=\"https:\/\/tr-tr.facebook.com\/paytrcom\/\" \/>\n<meta property=\"article:modified_time\" content=\"2024-12-18T12:31:51+00:00\" \/>\n<meta name=\"twitter:card\" content=\"summary_large_image\" \/>\n<meta name=\"twitter:site\" content=\"@paytrcom\" \/>\n<script type=\"application\/ld+json\" class=\"yoast-schema-graph\">{\"@context\":\"https:\/\/schema.org\",\"@graph\":[{\"@type\":\"WebPage\",\"@id\":\"https:\/\/www.paytr.com\/en\/physical-payment-solutions\/\",\"url\":\"https:\/\/www.paytr.com\/en\/physical-payment-solutions\/\",\"name\":\"Physical Payment Solutions | PayTR\",\"isPartOf\":{\"@id\":\"https:\/\/www.paytr.com\/en\/#website\"},\"datePublished\":\"2022-12-12T05:33:08+00:00\",\"dateModified\":\"2024-12-18T12:31:51+00:00\",\"description\":\"Offer your customers a variety of payment options with PayTR physical payment solutions. Grow your business with secure physical payment solutions.\",\"breadcrumb\":{\"@id\":\"https:\/\/www.paytr.com\/en\/physical-payment-solutions\/#breadcrumb\"},\"inLanguage\":\"en-US\",\"potentialAction\":[{\"@type\":\"ReadAction\",\"target\":[\"https:\/\/www.paytr.com\/en\/physical-payment-solutions\/\"]}]},{\"@type\":\"BreadcrumbList\",\"@id\":\"https:\/\/www.paytr.com\/en\/physical-payment-solutions\/#breadcrumb\",\"itemListElement\":[{\"@type\":\"ListItem\",\"position\":1,\"name\":\"Home\",\"item\":\"https:\/\/www.paytr.com\/en\/\"},{\"@type\":\"ListItem\",\"position\":2,\"name\":\"Physical Payment Solutions\"}]},{\"@type\":\"WebSite\",\"@id\":\"https:\/\/www.paytr.com\/en\/#website\",\"url\":\"https:\/\/www.paytr.com\/en\/\",\"name\":\"PayTR\",\"description\":\"\u00d6deme \u00c7\u00f6z\u00fcmleri\",\"publisher\":{\"@id\":\"https:\/\/www.paytr.com\/en\/#organization\"},\"potentialAction\":[{\"@type\":\"SearchAction\",\"target\":{\"@type\":\"EntryPoint\",\"urlTemplate\":\"https:\/\/www.paytr.com\/en\/?s={search_term_string}\"},\"query-input\":{\"@type\":\"PropertyValueSpecification\",\"valueRequired\":true,\"valueName\":\"search_term_string\"}}],\"inLanguage\":\"en-US\"},{\"@type\":\"Organization\",\"@id\":\"https:\/\/www.paytr.com\/en\/#organization\",\"name\":\"PayTR\",\"url\":\"https:\/\/www.paytr.com\/en\/\",\"logo\":{\"@type\":\"ImageObject\",\"inLanguage\":\"en-US\",\"@id\":\"https:\/\/www.paytr.com\/en\/#\/schema\/logo\/image\/\",\"url\":\"https:\/\/www.paytr.com\/wp-content\/uploads\/PayTR-2025-New-Logo-Color.png\",\"contentUrl\":\"https:\/\/www.paytr.com\/wp-content\/uploads\/PayTR-2025-New-Logo-Color.png\",\"width\":2000,\"height\":340,\"caption\":\"PayTR\"},\"image\":{\"@id\":\"https:\/\/www.paytr.com\/en\/#\/schema\/logo\/image\/\"},\"sameAs\":[\"https:\/\/tr-tr.facebook.com\/paytrcom\/\",\"https:\/\/x.com\/paytrcom\",\"https:\/\/tr.linkedin.com\/company\/paytr\",\"https:\/\/www.youtube.com\/@paytrcom\",\"https:\/\/www.instagram.com\/paytrcom\/\"]}]}<\/script>\n<!-- \/ Yoast SEO Premium plugin. -->","yoast_head_json":{"title":"Physical Payment Solutions | PayTR","description":"Offer your customers a variety of payment options with PayTR physical payment solutions. Grow your business with secure physical payment solutions.","robots":{"index":"index","follow":"follow","max-snippet":"max-snippet:-1","max-image-preview":"max-image-preview:large","max-video-preview":"max-video-preview:-1"},"canonical":"https:\/\/www.paytr.com\/en\/physical-payment-solutions\/","og_locale":"tr_TR","og_type":"article","og_title":"Physical Payment Solutions","og_description":"Offer your customers a variety of payment options with PayTR physical payment solutions. Grow your business with secure physical payment solutions.","og_url":"https:\/\/www.paytr.com\/en\/physical-payment-solutions\/","og_site_name":"PayTR","article_publisher":"https:\/\/tr-tr.facebook.com\/paytrcom\/","article_modified_time":"2024-12-18T12:31:51+00:00","twitter_card":"summary_large_image","twitter_site":"@paytrcom","schema":{"@context":"https:\/\/schema.org","@graph":[{"@type":"WebPage","@id":"https:\/\/www.paytr.com\/en\/physical-payment-solutions\/","url":"https:\/\/www.paytr.com\/en\/physical-payment-solutions\/","name":"Physical Payment Solutions | PayTR","isPartOf":{"@id":"https:\/\/www.paytr.com\/en\/#website"},"datePublished":"2022-12-12T05:33:08+00:00","dateModified":"2024-12-18T12:31:51+00:00","description":"Offer your customers a variety of payment options with PayTR physical payment solutions. Grow your business with secure physical payment solutions.","breadcrumb":{"@id":"https:\/\/www.paytr.com\/en\/physical-payment-solutions\/#breadcrumb"},"inLanguage":"en-US","potentialAction":[{"@type":"ReadAction","target":["https:\/\/www.paytr.com\/en\/physical-payment-solutions\/"]}]},{"@type":"BreadcrumbList","@id":"https:\/\/www.paytr.com\/en\/physical-payment-solutions\/#breadcrumb","itemListElement":[{"@type":"ListItem","position":1,"name":"Home","item":"https:\/\/www.paytr.com\/en\/"},{"@type":"ListItem","position":2,"name":"Physical Payment Solutions"}]},{"@type":"WebSite","@id":"https:\/\/www.paytr.com\/en\/#website","url":"https:\/\/www.paytr.com\/en\/","name":"PayTR","description":"\u00d6deme \u00c7\u00f6z\u00fcmleri","publisher":{"@id":"https:\/\/www.paytr.com\/en\/#organization"},"potentialAction":[{"@type":"SearchAction","target":{"@type":"EntryPoint","urlTemplate":"https:\/\/www.paytr.com\/en\/?s={search_term_string}"},"query-input":{"@type":"PropertyValueSpecification","valueRequired":true,"valueName":"search_term_string"}}],"inLanguage":"en-US"},{"@type":"Organization","@id":"https:\/\/www.paytr.com\/en\/#organization","name":"PayTR","url":"https:\/\/www.paytr.com\/en\/","logo":{"@type":"ImageObject","inLanguage":"en-US","@id":"https:\/\/www.paytr.com\/en\/#\/schema\/logo\/image\/","url":"https:\/\/www.paytr.com\/wp-content\/uploads\/PayTR-2025-New-Logo-Color.png","contentUrl":"https:\/\/www.paytr.com\/wp-content\/uploads\/PayTR-2025-New-Logo-Color.png","width":2000,"height":340,"caption":"PayTR"},"image":{"@id":"https:\/\/www.paytr.com\/en\/#\/schema\/logo\/image\/"},"sameAs":["https:\/\/tr-tr.facebook.com\/paytrcom\/","https:\/\/x.com\/paytrcom","https:\/\/tr.linkedin.com\/company\/paytr","https:\/\/www.youtube.com\/@paytrcom","https:\/\/www.instagram.com\/paytrcom\/"]}]}},"_links":{"self":[{"href":"https:\/\/www.paytr.com\/en\/wp-json\/wp\/v2\/pages\/10329","targetHints":{"allow":["GET"]}}],"collection":[{"href":"https:\/\/www.paytr.com\/en\/wp-json\/wp\/v2\/pages"}],"about":[{"href":"https:\/\/www.paytr.com\/en\/wp-json\/wp\/v2\/types\/page"}],"author":[{"embeddable":true,"href":"https:\/\/www.paytr.com\/en\/wp-json\/wp\/v2\/users\/1"}],"replies":[{"embeddable":true,"href":"https:\/\/www.paytr.com\/en\/wp-json\/wp\/v2\/comments?post=10329"}],"version-history":[{"count":1,"href":"https:\/\/www.paytr.com\/en\/wp-json\/wp\/v2\/pages\/10329\/revisions"}],"predecessor-version":[{"id":10330,"href":"https:\/\/www.paytr.com\/en\/wp-json\/wp\/v2\/pages\/10329\/revisions\/10330"}],"wp:attachment":[{"href":"https:\/\/www.paytr.com\/en\/wp-json\/wp\/v2\/media?parent=10329"}],"curies":[{"name":"wp","href":"https:\/\/api.w.org\/{rel}","templated":true}]}}