{"id":11976,"date":"2025-03-03T11:47:30","date_gmt":"2025-03-03T08:47:30","guid":{"rendered":"https:\/\/www.paytr.com\/kyc"},"modified":"2025-05-14T13:38:57","modified_gmt":"2025-05-14T10:38:57","slug":"kyc","status":"publish","type":"page","link":"https:\/\/www.paytr.com\/en\/kyc","title":{"rendered":"KYC"},"content":{"rendered":"    <section class=\"hero\">\n        <div class=\"hero-bg-linear slider-hero\">\n            <div class=\"section-container\">\n                <div class=\"swiper heroSwiper\">\n                    <div class=\"swiper-wrapper\">\n                                                                                    <div class=\"swiper-slide\">\n                                    <div class=\"swiper-text-content\">\n                                        <div class=\"section-title-large\">Complete Your Secure Authentication Process                                        <\/div>\n                                        <p class=\"sub-title-small\">In order to continue with your application, you need to complete your identity verification process. You can quickly complete your process by following the steps below.   <br><br>1. Download the PayTR Authentication application from the application store by clicking on the link in the SMS sent to you.<br>2. Open the application and complete your authentication process by following the instructions on the screen.<br><br>  You can start your authentication process by downloading the app.                                        <\/p>\n                                                                                        <a rel=\"nofollow\" href='https:\/\/youtu.be\/2cd0Mbtb9ow' target=\"_blank\"\n                                                    class=\"button button-primary size:large\">Watch Video<\/a>\n                                                                                                                                <button class=\"scroll-button\" style=\"margin-top: 15px;font-family: 'Poppins' , sans-serif;\"\n                                                onclick=\"scrollToSection('staticContent')\">\n                                                \u2193 Learn More                                            <\/button>\n                                                                            <\/div>\n                                    <div class=\"swiper-pagination\"><\/div>\n                                    <div class=\"hero-img-container\">\n                                                                                    <img decoding=\"async\" data-src=\"https:\/\/www.paytr.com\/wp-content\/uploads\/kyc-1.png\"\n                                                alt=\"\" src=\"data:image\/svg+xml;base64,PHN2ZyB3aWR0aD0iMSIgaGVpZ2h0PSIxIiB4bWxucz0iaHR0cDovL3d3dy53My5vcmcvMjAwMC9zdmciPjwvc3ZnPg==\" class=\"lazyload\" style=\"--smush-placeholder-width: 543px; --smush-placeholder-aspect-ratio: 543\/520;\" \/>\n                                                                            <\/div>\n                                <\/div>\n                                                                        <\/div>\n                <\/div>\n            <\/div>\n        <\/div>\n    <\/section>\n    \n\n<script>\n    function scrollToSection(anchor) {\n        const targetElement = document.getElementById(anchor);\n        if (targetElement) {\n            window.scrollTo({\n                top: targetElement.offsetTop - 150,\n                behavior: \"smooth\"\n            });\n        }\n    }\n<\/script>\n<div class=\"section-container static-content\">\n    <div class=\"static-content\" id=\"staticContent\">\n  <strong id=\"text\">Steps to Follow Within the App<\/strong>\n<\/div>\n<p style=\"font-size: 20px;\">\n  Following the regulation update on December 25, 2024, under Law No. 5549* and the Know Your Customer (KYC) principle, remote identity verification is now mandatory, and our processes have been enhanced accordingly.\n<\/p>\n<p style=\"font-size: 20px;\">\n  This change is designed to ensure that your identity information is verified securely and accurately, reducing fraud risk and boosting transparency across the financial system. With remote identity verification, you can complete your transactions swiftly and effortlessly\u2014while remaining fully compliant with all legal requirements.\n<\/p>\n<style>\n.static-content {\n  background: transparent;\n  margin-top: 3%;\n}\n#text {\n  font-size: 50px;\n  line-height: 140%;\n}\n@media (max-width: 1024px) {\n  #text {\n    font-size: 25px;\n  }\n  .static-content {\n    margin-top: 20%;\n  }\n}\n<\/style>\n<\/div>\n\n    <div class=\"image-card-kyc-container\">\n\n        <div class=\"image-card-kyc-list\">\n                            <div class=\"image-card-kyc\">\n                    <div class=\"image-card-kyc-icon\">\n                                                    <img decoding=\"async\" data-src=\"https:\/\/www.paytr.com\/wp-content\/uploads\/1_erisim_izinleri-1.png\" alt=\"\"\n                                class=\"image-card-kyc-image lazyload\" src=\"data:image\/svg+xml;base64,PHN2ZyB3aWR0aD0iMSIgaGVpZ2h0PSIxIiB4bWxucz0iaHR0cDovL3d3dy53My5vcmcvMjAwMC9zdmciPjwvc3ZnPg==\" style=\"--smush-placeholder-width: 91px; --smush-placeholder-aspect-ratio: 91\/95;\">\n                                            <\/div>\n                    <div class=\"image-card-kyc-content\">\n                                                    <h3 class=\"image-card-kyc-title\" class=\"image-card-kyc-title\" id=\"access-permissions\">Access Permissions<\/h3>\n                                                                            <p class=\"image-card-kyc-description\">By clicking on the link in the SMS sent to you, you must grant access permissions to continue the authentication process. Audio, video, camera and microphone access will be required in the next steps. <\/p>\n                                            <\/div>\n                <\/div>\n                            <div class=\"image-card-kyc\">\n                    <div class=\"image-card-kyc-icon\">\n                                                    <img decoding=\"async\" data-src=\"https:\/\/www.paytr.com\/wp-content\/uploads\/2_kullanici_bilgileri-1.png\" alt=\"\"\n                                class=\"image-card-kyc-image lazyload\" src=\"data:image\/svg+xml;base64,PHN2ZyB3aWR0aD0iMSIgaGVpZ2h0PSIxIiB4bWxucz0iaHR0cDovL3d3dy53My5vcmcvMjAwMC9zdmciPjwvc3ZnPg==\" style=\"--smush-placeholder-width: 91px; --smush-placeholder-aspect-ratio: 91\/95;\">\n                                            <\/div>\n                    <div class=\"image-card-kyc-content\">\n                                                    <h3 class=\"image-card-kyc-title\" class=\"image-card-kyc-title\" id=\"user-information\">User Information<\/h3>\n                                                                            <p class=\"image-card-kyc-description\">After checking the accuracy of the information on the screen with your credentials, you can proceed to the next step.<\/p>\n                                            <\/div>\n                <\/div>\n                            <div class=\"image-card-kyc\">\n                    <div class=\"image-card-kyc-icon\">\n                                                    <img decoding=\"async\" data-src=\"https:\/\/www.paytr.com\/wp-content\/uploads\/3_kimlik_okutma-1.png\" alt=\"\"\n                                class=\"image-card-kyc-image lazyload\" src=\"data:image\/svg+xml;base64,PHN2ZyB3aWR0aD0iMSIgaGVpZ2h0PSIxIiB4bWxucz0iaHR0cDovL3d3dy53My5vcmcvMjAwMC9zdmciPjwvc3ZnPg==\" style=\"--smush-placeholder-width: 95px; --smush-placeholder-aspect-ratio: 95\/95;\">\n                                            <\/div>\n                    <div class=\"image-card-kyc-content\">\n                                                    <h3 class=\"image-card-kyc-title\" class=\"image-card-kyc-title\" id=\"identity-recognition\">Identity Recognition<\/h3>\n                                                                            <p class=\"image-card-kyc-description\">You can scan the ID by positioning the device&#039;s camera on the front and back of the ID.<\/p>\n                                            <\/div>\n                <\/div>\n                            <div class=\"image-card-kyc\">\n                    <div class=\"image-card-kyc-icon\">\n                                                    <img decoding=\"async\" data-src=\"https:\/\/www.paytr.com\/wp-content\/uploads\/4_kimlikteki_cipi_okutma-1.png\" alt=\"\"\n                                class=\"image-card-kyc-image lazyload\" src=\"data:image\/svg+xml;base64,PHN2ZyB3aWR0aD0iMSIgaGVpZ2h0PSIxIiB4bWxucz0iaHR0cDovL3d3dy53My5vcmcvMjAwMC9zdmciPjwvc3ZnPg==\" style=\"--smush-placeholder-width: 91px; --smush-placeholder-aspect-ratio: 91\/95;\">\n                                            <\/div>\n                    <div class=\"image-card-kyc-content\">\n                                                    <h3 class=\"image-card-kyc-title\" class=\"image-card-kyc-title\" id=\"reading-the-chip-in-the-id\">Reading the Chip in the ID<\/h3>\n                                                                            <p class=\"image-card-kyc-description\">Thanks to the device&#039;s NFC feature, you can scan the chip on your ID by holding it close to your device. If your device has iOS operating system, your ID should be held against the front camera. For devices with Android operating system, your ID should be held at the top of the back of your device.    <\/p>\n                                            <\/div>\n                <\/div>\n                            <div class=\"image-card-kyc\">\n                    <div class=\"image-card-kyc-icon\">\n                                                    <img decoding=\"async\" data-src=\"https:\/\/www.paytr.com\/wp-content\/uploads\/5_canlilik_testi.png\" alt=\"\"\n                                class=\"image-card-kyc-image lazyload\" src=\"data:image\/svg+xml;base64,PHN2ZyB3aWR0aD0iMSIgaGVpZ2h0PSIxIiB4bWxucz0iaHR0cDovL3d3dy53My5vcmcvMjAwMC9zdmciPjwvc3ZnPg==\" style=\"--smush-placeholder-width: 95px; --smush-placeholder-aspect-ratio: 95\/95;\">\n                                            <\/div>\n                    <div class=\"image-card-kyc-content\">\n                                                    <h3 class=\"image-card-kyc-title\" class=\"image-card-kyc-title\" id=\"vitality-test\">Vitality Test<\/h3>\n                                                                            <p class=\"image-card-kyc-description\">In this step, you can verify that you are a real person by placing your face in the specified area and following the commands given to you to complete the face recognition process.<\/p>\n                                            <\/div>\n                <\/div>\n                            <div class=\"image-card-kyc\">\n                    <div class=\"image-card-kyc-icon\">\n                                                    <img decoding=\"async\" data-src=\"https:\/\/www.paytr.com\/wp-content\/uploads\/6_kimlik_dogrulama_basarili.png\" alt=\"\"\n                                class=\"image-card-kyc-image lazyload\" src=\"data:image\/svg+xml;base64,PHN2ZyB3aWR0aD0iMSIgaGVpZ2h0PSIxIiB4bWxucz0iaHR0cDovL3d3dy53My5vcmcvMjAwMC9zdmciPjwvc3ZnPg==\" style=\"--smush-placeholder-width: 95px; --smush-placeholder-aspect-ratio: 95\/95;\">\n                                            <\/div>\n                    <div class=\"image-card-kyc-content\">\n                                                    <h3 class=\"image-card-kyc-title\" class=\"image-card-kyc-title\" id=\"authentication-successful\">Authentication successful<\/h3>\n                                                                            <p class=\"image-card-kyc-description\">When your authentication process is successfully completed, the message &quot;Authentication process completed successfully.&quot; will appear on the screen. message will appear.<\/p>\n                                            <\/div>\n                <\/div>\n                    <\/div>\n\n    <\/div>\n","protected":false},"excerpt":{"rendered":"","protected":false},"author":19,"featured_media":0,"parent":0,"menu_order":0,"comment_status":"closed","ping_status":"closed","template":"","meta":{"footnotes":""},"class_list":["post-11976","page","type-page","status-publish","hentry"],"acf":[],"yoast_head":"<!-- This site is optimized with the Yoast SEO Premium plugin v25.3.1 (Yoast SEO v25.3.1) - https:\/\/yoast.com\/wordpress\/plugins\/seo\/ -->\n<title>Authentication - Fast and Secure KYC Process | PayTR<\/title>\n<meta name=\"description\" content=\"Secure and fast identity verification process! Effortlessly complete your KYC verification with NFC-enabled ID scanning and advanced facial recognition technology.\" \/>\n<meta name=\"robots\" content=\"index, follow, max-snippet:-1, max-image-preview:large, max-video-preview:-1\" \/>\n<link rel=\"canonical\" href=\"https:\/\/www.paytr.com\/en\/kyc\" \/>\n<meta property=\"og:locale\" content=\"tr_TR\" \/>\n<meta property=\"og:type\" content=\"article\" \/>\n<meta property=\"og:title\" content=\"KYC\" \/>\n<meta property=\"og:description\" content=\"Secure and fast identity verification process! Effortlessly complete your KYC verification with NFC-enabled ID scanning and advanced facial recognition technology.\" \/>\n<meta property=\"og:url\" content=\"https:\/\/www.paytr.com\/en\/kyc\" \/>\n<meta property=\"og:site_name\" content=\"PayTR\" \/>\n<meta property=\"article:publisher\" content=\"https:\/\/tr-tr.facebook.com\/paytrcom\/\" \/>\n<meta property=\"article:modified_time\" content=\"2025-05-14T10:38:57+00:00\" \/>\n<meta name=\"twitter:card\" content=\"summary_large_image\" \/>\n<meta name=\"twitter:site\" content=\"@paytrcom\" \/>\n<script type=\"application\/ld+json\" class=\"yoast-schema-graph\">{\"@context\":\"https:\/\/schema.org\",\"@graph\":[{\"@type\":\"WebPage\",\"@id\":\"https:\/\/www.paytr.com\/en\/kyc\",\"url\":\"https:\/\/www.paytr.com\/en\/kyc\",\"name\":\"Authentication - Fast and Secure KYC Process | PayTR\",\"isPartOf\":{\"@id\":\"https:\/\/www.paytr.com\/en#website\"},\"datePublished\":\"2025-03-03T08:47:30+00:00\",\"dateModified\":\"2025-05-14T10:38:57+00:00\",\"description\":\"Secure and fast identity verification process! Effortlessly complete your KYC verification with NFC-enabled ID scanning and advanced facial recognition technology.\",\"breadcrumb\":{\"@id\":\"https:\/\/www.paytr.com\/en\/kyc#breadcrumb\"},\"inLanguage\":\"en-US\",\"potentialAction\":[{\"@type\":\"ReadAction\",\"target\":[\"https:\/\/www.paytr.com\/en\/kyc\"]}]},{\"@type\":\"BreadcrumbList\",\"@id\":\"https:\/\/www.paytr.com\/en\/kyc#breadcrumb\",\"itemListElement\":[{\"@type\":\"ListItem\",\"position\":1,\"name\":\"Home\",\"item\":\"https:\/\/www.paytr.com\/en\"},{\"@type\":\"ListItem\",\"position\":2,\"name\":\"KYC\"}]},{\"@type\":\"WebSite\",\"@id\":\"https:\/\/www.paytr.com\/en#website\",\"url\":\"https:\/\/www.paytr.com\/en\",\"name\":\"PayTR\",\"description\":\"\u00d6deme \u00c7\u00f6z\u00fcmleri\",\"publisher\":{\"@id\":\"https:\/\/www.paytr.com\/en#organization\"},\"potentialAction\":[{\"@type\":\"SearchAction\",\"target\":{\"@type\":\"EntryPoint\",\"urlTemplate\":\"https:\/\/www.paytr.com\/en?s={search_term_string}\"},\"query-input\":{\"@type\":\"PropertyValueSpecification\",\"valueRequired\":true,\"valueName\":\"search_term_string\"}}],\"inLanguage\":\"en-US\"},{\"@type\":\"Organization\",\"@id\":\"https:\/\/www.paytr.com\/en#organization\",\"name\":\"PayTR\",\"url\":\"https:\/\/www.paytr.com\/en\",\"logo\":{\"@type\":\"ImageObject\",\"inLanguage\":\"en-US\",\"@id\":\"https:\/\/www.paytr.com\/en#\/schema\/logo\/image\/\",\"url\":\"https:\/\/www.paytr.com\/wp-content\/uploads\/PayTR-2025-New-Logo-Color.png\",\"contentUrl\":\"https:\/\/www.paytr.com\/wp-content\/uploads\/PayTR-2025-New-Logo-Color.png\",\"width\":2000,\"height\":340,\"caption\":\"PayTR\"},\"image\":{\"@id\":\"https:\/\/www.paytr.com\/en#\/schema\/logo\/image\/\"},\"sameAs\":[\"https:\/\/tr-tr.facebook.com\/paytrcom\/\",\"https:\/\/x.com\/paytrcom\",\"https:\/\/tr.linkedin.com\/company\/paytr\",\"https:\/\/www.youtube.com\/@paytrcom\",\"https:\/\/www.instagram.com\/paytrcom\/\"]}]}<\/script>\n<!-- \/ Yoast SEO Premium plugin. -->","yoast_head_json":{"title":"Authentication - Fast and Secure KYC Process | PayTR","description":"Secure and fast identity verification process! Effortlessly complete your KYC verification with NFC-enabled ID scanning and advanced facial recognition technology.","robots":{"index":"index","follow":"follow","max-snippet":"max-snippet:-1","max-image-preview":"max-image-preview:large","max-video-preview":"max-video-preview:-1"},"canonical":"https:\/\/www.paytr.com\/en\/kyc","og_locale":"tr_TR","og_type":"article","og_title":"KYC","og_description":"Secure and fast identity verification process! Effortlessly complete your KYC verification with NFC-enabled ID scanning and advanced facial recognition technology.","og_url":"https:\/\/www.paytr.com\/en\/kyc","og_site_name":"PayTR","article_publisher":"https:\/\/tr-tr.facebook.com\/paytrcom\/","article_modified_time":"2025-05-14T10:38:57+00:00","twitter_card":"summary_large_image","twitter_site":"@paytrcom","schema":{"@context":"https:\/\/schema.org","@graph":[{"@type":"WebPage","@id":"https:\/\/www.paytr.com\/en\/kyc","url":"https:\/\/www.paytr.com\/en\/kyc","name":"Authentication - Fast and Secure KYC Process | PayTR","isPartOf":{"@id":"https:\/\/www.paytr.com\/en#website"},"datePublished":"2025-03-03T08:47:30+00:00","dateModified":"2025-05-14T10:38:57+00:00","description":"Secure and fast identity verification process! Effortlessly complete your KYC verification with NFC-enabled ID scanning and advanced facial recognition technology.","breadcrumb":{"@id":"https:\/\/www.paytr.com\/en\/kyc#breadcrumb"},"inLanguage":"en-US","potentialAction":[{"@type":"ReadAction","target":["https:\/\/www.paytr.com\/en\/kyc"]}]},{"@type":"BreadcrumbList","@id":"https:\/\/www.paytr.com\/en\/kyc#breadcrumb","itemListElement":[{"@type":"ListItem","position":1,"name":"Home","item":"https:\/\/www.paytr.com\/en"},{"@type":"ListItem","position":2,"name":"KYC"}]},{"@type":"WebSite","@id":"https:\/\/www.paytr.com\/en#website","url":"https:\/\/www.paytr.com\/en","name":"PayTR","description":"\u00d6deme \u00c7\u00f6z\u00fcmleri","publisher":{"@id":"https:\/\/www.paytr.com\/en#organization"},"potentialAction":[{"@type":"SearchAction","target":{"@type":"EntryPoint","urlTemplate":"https:\/\/www.paytr.com\/en?s={search_term_string}"},"query-input":{"@type":"PropertyValueSpecification","valueRequired":true,"valueName":"search_term_string"}}],"inLanguage":"en-US"},{"@type":"Organization","@id":"https:\/\/www.paytr.com\/en#organization","name":"PayTR","url":"https:\/\/www.paytr.com\/en","logo":{"@type":"ImageObject","inLanguage":"en-US","@id":"https:\/\/www.paytr.com\/en#\/schema\/logo\/image\/","url":"https:\/\/www.paytr.com\/wp-content\/uploads\/PayTR-2025-New-Logo-Color.png","contentUrl":"https:\/\/www.paytr.com\/wp-content\/uploads\/PayTR-2025-New-Logo-Color.png","width":2000,"height":340,"caption":"PayTR"},"image":{"@id":"https:\/\/www.paytr.com\/en#\/schema\/logo\/image\/"},"sameAs":["https:\/\/tr-tr.facebook.com\/paytrcom\/","https:\/\/x.com\/paytrcom","https:\/\/tr.linkedin.com\/company\/paytr","https:\/\/www.youtube.com\/@paytrcom","https:\/\/www.instagram.com\/paytrcom\/"]}]}},"_links":{"self":[{"href":"https:\/\/www.paytr.com\/en\/wp-json\/wp\/v2\/pages\/11976","targetHints":{"allow":["GET"]}}],"collection":[{"href":"https:\/\/www.paytr.com\/en\/wp-json\/wp\/v2\/pages"}],"about":[{"href":"https:\/\/www.paytr.com\/en\/wp-json\/wp\/v2\/types\/page"}],"author":[{"embeddable":true,"href":"https:\/\/www.paytr.com\/en\/wp-json\/wp\/v2\/users\/19"}],"replies":[{"embeddable":true,"href":"https:\/\/www.paytr.com\/en\/wp-json\/wp\/v2\/comments?post=11976"}],"version-history":[{"count":6,"href":"https:\/\/www.paytr.com\/en\/wp-json\/wp\/v2\/pages\/11976\/revisions"}],"predecessor-version":[{"id":12853,"href":"https:\/\/www.paytr.com\/en\/wp-json\/wp\/v2\/pages\/11976\/revisions\/12853"}],"wp:attachment":[{"href":"https:\/\/www.paytr.com\/en\/wp-json\/wp\/v2\/media?parent=11976"}],"curies":[{"name":"wp","href":"https:\/\/api.w.org\/{rel}","templated":true}]}}