{"id":12852,"date":"2022-11-24T09:36:47","date_gmt":"2022-11-24T06:36:47","guid":{"rendered":"https:\/\/www.paytr.com\/pci-dss"},"modified":"2022-11-24T09:36:47","modified_gmt":"2022-11-24T06:36:47","slug":"pci-dss","status":"publish","type":"page","link":"https:\/\/www.paytr.com\/en\/pci-dss","title":{"rendered":"PCI-DSS Uyumluluk Sertifikas\u0131"},"content":{"rendered":"<section class=\"section-container page-header-area\">\n\n    <div class=\" flow-content\">\n        <h2 class=\"page-title\" class=\"page-title\" id=\"pci-dss-uyumluluk-sertifikasi\">PCI-DSS Uyumluluk Sertifikas\u0131<\/h2>\n        <div class=\"page-desc\">        <\/div>\n    <\/div>\n    <div class=\"breadcrumbs\">\n        <div class=\"breadcrumbs-list\">\n            <a href='\/' class='breadcrumb-item'>Homepage<\/a>\n                        <a href=\"javascript:void(0)\" style=\"pointer-events: none; cursor: default;\" class='breadcrumb-item'>PCI-DSS Uyumluluk Sertifikas\u0131<\/a>\n            <div class=\"breadcrumbs-popover\">\n                    <p>PCI-DSS Uyumluluk Sertifikas\u0131<\/p>\n                <\/div>\n                    <\/div>\n        <div class=\"breadcrumbs-divider\"><\/div>\n    <\/div>\n<\/section>\n\n<div class=\"section-container static-content\">\n    <p><img decoding=\"async\" class=\"alignnone size-full wp-image-7872 lazyload\" data-src=\"https:\/\/www.paytr.com\/wp-content\/uploads\/PCI-DSS-SERTIFIKA-PayTR.png\" alt=\"\" width=\"1169\" height=\"826\" src=\"data:image\/svg+xml;base64,PHN2ZyB3aWR0aD0iMSIgaGVpZ2h0PSIxIiB4bWxucz0iaHR0cDovL3d3dy53My5vcmcvMjAwMC9zdmciPjwvc3ZnPg==\" style=\"--smush-placeholder-width: 1169px; --smush-placeholder-aspect-ratio: 1169\/826;\" \/><\/p>\n<\/div>","protected":false},"excerpt":{"rendered":"","protected":false},"author":1,"featured_media":0,"parent":0,"menu_order":0,"comment_status":"closed","ping_status":"closed","template":"","meta":{"footnotes":""},"class_list":["post-12852","page","type-page","status-publish","hentry"],"acf":[],"yoast_head":"<!-- This site is optimized with the Yoast SEO Premium plugin v25.3.1 (Yoast SEO v25.3.1) - https:\/\/yoast.com\/wordpress\/plugins\/seo\/ -->\n<title>PCI-DSS Uyumlulu\u011fu | PayTR<\/title>\n<meta name=\"description\" content=\"PayTR&#039;da PCI DSS uyumlu \u00f6deme \u00e7\u00f6z\u00fcmleri hakk\u0131nda bilgi edinin. Kart verilerinin g\u00fcvenli\u011fi i\u00e7in standartlar\u0131 ke\u015ffedin. Sertifikalar\u0131m\u0131z\u0131 buradan g\u00f6r\u00fcnt\u00fcleyin!\" \/>\n<meta name=\"robots\" content=\"index, follow, max-snippet:-1, max-image-preview:large, max-video-preview:-1\" \/>\n<link rel=\"canonical\" href=\"https:\/\/www.paytr.com\/en\/pci-dss\" \/>\n<meta property=\"og:locale\" content=\"tr_TR\" \/>\n<meta property=\"og:type\" content=\"article\" \/>\n<meta property=\"og:title\" content=\"PCI-DSS Uyumluluk Sertifikas\u0131\" \/>\n<meta property=\"og:description\" content=\"PayTR&#039;da PCI DSS uyumlu \u00f6deme \u00e7\u00f6z\u00fcmleri hakk\u0131nda bilgi edinin. Kart verilerinin g\u00fcvenli\u011fi i\u00e7in standartlar\u0131 ke\u015ffedin. Sertifikalar\u0131m\u0131z\u0131 buradan g\u00f6r\u00fcnt\u00fcleyin!\" \/>\n<meta property=\"og:url\" content=\"https:\/\/www.paytr.com\/en\/pci-dss\" \/>\n<meta property=\"og:site_name\" content=\"PayTR\" \/>\n<meta property=\"article:publisher\" content=\"https:\/\/tr-tr.facebook.com\/paytrcom\/\" \/>\n<meta name=\"twitter:card\" content=\"summary_large_image\" \/>\n<meta name=\"twitter:site\" content=\"@paytrcom\" \/>\n<script type=\"application\/ld+json\" class=\"yoast-schema-graph\">{\"@context\":\"https:\/\/schema.org\",\"@graph\":[{\"@type\":\"WebPage\",\"@id\":\"https:\/\/www.paytr.com\/en\/pci-dss\",\"url\":\"https:\/\/www.paytr.com\/en\/pci-dss\",\"name\":\"PCI-DSS Uyumlulu\u011fu | PayTR\",\"isPartOf\":{\"@id\":\"https:\/\/www.paytr.com\/en#website\"},\"datePublished\":\"2022-11-24T06:36:47+00:00\",\"description\":\"PayTR'da PCI DSS uyumlu \u00f6deme \u00e7\u00f6z\u00fcmleri hakk\u0131nda bilgi edinin. Kart verilerinin g\u00fcvenli\u011fi i\u00e7in standartlar\u0131 ke\u015ffedin. Sertifikalar\u0131m\u0131z\u0131 buradan g\u00f6r\u00fcnt\u00fcleyin!\",\"breadcrumb\":{\"@id\":\"https:\/\/www.paytr.com\/en\/pci-dss#breadcrumb\"},\"inLanguage\":\"en-US\",\"potentialAction\":[{\"@type\":\"ReadAction\",\"target\":[\"https:\/\/www.paytr.com\/en\/pci-dss\"]}]},{\"@type\":\"BreadcrumbList\",\"@id\":\"https:\/\/www.paytr.com\/en\/pci-dss#breadcrumb\",\"itemListElement\":[{\"@type\":\"ListItem\",\"position\":1,\"name\":\"Home\",\"item\":\"https:\/\/www.paytr.com\/en\"},{\"@type\":\"ListItem\",\"position\":2,\"name\":\"PCI-DSS Uyumluluk Sertifikas\u0131\"}]},{\"@type\":\"WebSite\",\"@id\":\"https:\/\/www.paytr.com\/en#website\",\"url\":\"https:\/\/www.paytr.com\/en\",\"name\":\"PayTR\",\"description\":\"\u00d6deme \u00c7\u00f6z\u00fcmleri\",\"publisher\":{\"@id\":\"https:\/\/www.paytr.com\/en#organization\"},\"potentialAction\":[{\"@type\":\"SearchAction\",\"target\":{\"@type\":\"EntryPoint\",\"urlTemplate\":\"https:\/\/www.paytr.com\/en?s={search_term_string}\"},\"query-input\":{\"@type\":\"PropertyValueSpecification\",\"valueRequired\":true,\"valueName\":\"search_term_string\"}}],\"inLanguage\":\"en-US\"},{\"@type\":\"Organization\",\"@id\":\"https:\/\/www.paytr.com\/en#organization\",\"name\":\"PayTR\",\"url\":\"https:\/\/www.paytr.com\/en\",\"logo\":{\"@type\":\"ImageObject\",\"inLanguage\":\"en-US\",\"@id\":\"https:\/\/www.paytr.com\/en#\/schema\/logo\/image\/\",\"url\":\"https:\/\/www.paytr.com\/wp-content\/uploads\/PayTR-2025-New-Logo-Color.png\",\"contentUrl\":\"https:\/\/www.paytr.com\/wp-content\/uploads\/PayTR-2025-New-Logo-Color.png\",\"width\":2000,\"height\":340,\"caption\":\"PayTR\"},\"image\":{\"@id\":\"https:\/\/www.paytr.com\/en#\/schema\/logo\/image\/\"},\"sameAs\":[\"https:\/\/tr-tr.facebook.com\/paytrcom\/\",\"https:\/\/x.com\/paytrcom\",\"https:\/\/tr.linkedin.com\/company\/paytr\",\"https:\/\/www.youtube.com\/@paytrcom\",\"https:\/\/www.instagram.com\/paytrcom\/\"]}]}<\/script>\n<!-- \/ Yoast SEO Premium plugin. -->","yoast_head_json":{"title":"PCI-DSS Uyumlulu\u011fu | PayTR","description":"PayTR'da PCI DSS uyumlu \u00f6deme \u00e7\u00f6z\u00fcmleri hakk\u0131nda bilgi edinin. Kart verilerinin g\u00fcvenli\u011fi i\u00e7in standartlar\u0131 ke\u015ffedin. Sertifikalar\u0131m\u0131z\u0131 buradan g\u00f6r\u00fcnt\u00fcleyin!","robots":{"index":"index","follow":"follow","max-snippet":"max-snippet:-1","max-image-preview":"max-image-preview:large","max-video-preview":"max-video-preview:-1"},"canonical":"https:\/\/www.paytr.com\/en\/pci-dss","og_locale":"tr_TR","og_type":"article","og_title":"PCI-DSS Uyumluluk Sertifikas\u0131","og_description":"PayTR'da PCI DSS uyumlu \u00f6deme \u00e7\u00f6z\u00fcmleri hakk\u0131nda bilgi edinin. Kart verilerinin g\u00fcvenli\u011fi i\u00e7in standartlar\u0131 ke\u015ffedin. Sertifikalar\u0131m\u0131z\u0131 buradan g\u00f6r\u00fcnt\u00fcleyin!","og_url":"https:\/\/www.paytr.com\/en\/pci-dss","og_site_name":"PayTR","article_publisher":"https:\/\/tr-tr.facebook.com\/paytrcom\/","twitter_card":"summary_large_image","twitter_site":"@paytrcom","schema":{"@context":"https:\/\/schema.org","@graph":[{"@type":"WebPage","@id":"https:\/\/www.paytr.com\/en\/pci-dss","url":"https:\/\/www.paytr.com\/en\/pci-dss","name":"PCI-DSS Uyumlulu\u011fu | PayTR","isPartOf":{"@id":"https:\/\/www.paytr.com\/en#website"},"datePublished":"2022-11-24T06:36:47+00:00","description":"PayTR'da PCI DSS uyumlu \u00f6deme \u00e7\u00f6z\u00fcmleri hakk\u0131nda bilgi edinin. Kart verilerinin g\u00fcvenli\u011fi i\u00e7in standartlar\u0131 ke\u015ffedin. Sertifikalar\u0131m\u0131z\u0131 buradan g\u00f6r\u00fcnt\u00fcleyin!","breadcrumb":{"@id":"https:\/\/www.paytr.com\/en\/pci-dss#breadcrumb"},"inLanguage":"en-US","potentialAction":[{"@type":"ReadAction","target":["https:\/\/www.paytr.com\/en\/pci-dss"]}]},{"@type":"BreadcrumbList","@id":"https:\/\/www.paytr.com\/en\/pci-dss#breadcrumb","itemListElement":[{"@type":"ListItem","position":1,"name":"Home","item":"https:\/\/www.paytr.com\/en"},{"@type":"ListItem","position":2,"name":"PCI-DSS Uyumluluk Sertifikas\u0131"}]},{"@type":"WebSite","@id":"https:\/\/www.paytr.com\/en#website","url":"https:\/\/www.paytr.com\/en","name":"PayTR","description":"\u00d6deme \u00c7\u00f6z\u00fcmleri","publisher":{"@id":"https:\/\/www.paytr.com\/en#organization"},"potentialAction":[{"@type":"SearchAction","target":{"@type":"EntryPoint","urlTemplate":"https:\/\/www.paytr.com\/en?s={search_term_string}"},"query-input":{"@type":"PropertyValueSpecification","valueRequired":true,"valueName":"search_term_string"}}],"inLanguage":"en-US"},{"@type":"Organization","@id":"https:\/\/www.paytr.com\/en#organization","name":"PayTR","url":"https:\/\/www.paytr.com\/en","logo":{"@type":"ImageObject","inLanguage":"en-US","@id":"https:\/\/www.paytr.com\/en#\/schema\/logo\/image\/","url":"https:\/\/www.paytr.com\/wp-content\/uploads\/PayTR-2025-New-Logo-Color.png","contentUrl":"https:\/\/www.paytr.com\/wp-content\/uploads\/PayTR-2025-New-Logo-Color.png","width":2000,"height":340,"caption":"PayTR"},"image":{"@id":"https:\/\/www.paytr.com\/en#\/schema\/logo\/image\/"},"sameAs":["https:\/\/tr-tr.facebook.com\/paytrcom\/","https:\/\/x.com\/paytrcom","https:\/\/tr.linkedin.com\/company\/paytr","https:\/\/www.youtube.com\/@paytrcom","https:\/\/www.instagram.com\/paytrcom\/"]}]}},"_links":{"self":[{"href":"https:\/\/www.paytr.com\/en\/wp-json\/wp\/v2\/pages\/12852","targetHints":{"allow":["GET"]}}],"collection":[{"href":"https:\/\/www.paytr.com\/en\/wp-json\/wp\/v2\/pages"}],"about":[{"href":"https:\/\/www.paytr.com\/en\/wp-json\/wp\/v2\/types\/page"}],"author":[{"embeddable":true,"href":"https:\/\/www.paytr.com\/en\/wp-json\/wp\/v2\/users\/1"}],"replies":[{"embeddable":true,"href":"https:\/\/www.paytr.com\/en\/wp-json\/wp\/v2\/comments?post=12852"}],"version-history":[{"count":0,"href":"https:\/\/www.paytr.com\/en\/wp-json\/wp\/v2\/pages\/12852\/revisions"}],"wp:attachment":[{"href":"https:\/\/www.paytr.com\/en\/wp-json\/wp\/v2\/media?parent=12852"}],"curies":[{"name":"wp","href":"https:\/\/api.w.org\/{rel}","templated":true}]}}