{"id":13096,"date":"2025-05-20T14:45:16","date_gmt":"2025-05-20T11:45:16","guid":{"rendered":"https:\/\/www.paytr.com\/normal-with-paytr"},"modified":"2025-06-02T09:58:47","modified_gmt":"2025-06-02T06:58:47","slug":"paytrla-normal","status":"publish","type":"page","link":"https:\/\/www.paytr.com\/en\/paytrla-normal","title":{"rendered":"Normal with PayTR!"},"content":{"rendered":"<section class=\"section-container page-header-area\">\n\n    <div class=\" flow-content\">\n        <h2 class=\"page-title\" class=\"page-title\" id=\"normal-with-paytr\">Normal with PayTR!<\/h2>\n        <div class=\"page-desc\">Our New Commercial Is Live        <\/div>\n    <\/div>\n    <div class=\"breadcrumbs\">\n        <div class=\"breadcrumbs-list\">\n            <a href='\/' class='breadcrumb-item'>Homepage<\/a>\n                        <a href=\"javascript:void(0)\" style=\"pointer-events: none; cursor: default;\" class='breadcrumb-item'>Normal with PayTR!<\/a>\n            <div class=\"breadcrumbs-popover\">\n                    <p>Normal with PayTR!<\/p>\n                <\/div>\n                    <\/div>\n        <div class=\"breadcrumbs-divider\"><\/div>\n    <\/div>\n<\/section>\n\n\n<figure class=\"wp-block-embed aligncenter is-type-video is-provider-youtube wp-block-embed-youtube wp-embed-aspect-16-9 wp-has-aspect-ratio\" style=\"margin-top: 80px; margin-bottom: 40px;\">\n  <div class=\"wp-block-embed__wrapper\" style=\"display: flex; justify-content: center;\">\n    <iframe style=\"max-width: 100%; width: 1200px; height: 628px;\" data-src=\"https:\/\/www.youtube.com\/embed\/_rc_E6_GDtk?si=9JT-CG1ikyHY7mBQ\" frameborder=\"0\" allowfullscreen=\"\" class=\"youtube-responsive-embed lazyload\" src=\"data:image\/svg+xml;base64,PHN2ZyB3aWR0aD0iMSIgaGVpZ2h0PSIxIiB4bWxucz0iaHR0cDovL3d3dy53My5vcmcvMjAwMC9zdmciPjwvc3ZnPg==\" data-load-mode=\"1\"><\/iframe>\n  <\/div>\n<\/figure>\n\n<style>\n  @media only screen and (max-width: 767px) {\n    .youtube-responsive-embed {\n      width: 430px !important;\n      height: 225px !important;\n    }\n  }\n<\/style>\n\n\n<div class='section-container'>\n    <div class='achievement-icons' style=\"margin-top: 140\">\n\n                        <div class='icon'>\n            <div>15 Years<\/div>\n            <p>of Industry Experience<\/p>\n        <\/div>\n                <div class='icon'>\n            <div>165.000+<\/div>\n            <p>Merchants<\/p>\n        <\/div>\n                <div class='icon'>\n            <div>200+<\/div>\n            <p>Employees<\/p>\n        <\/div>\n                <div class='icon'>\n            <div>7\/24<\/div>\n            <p>Support<\/p>\n        <\/div>\n             \n    <\/div>\n\n<\/div>\n\n    <section class=\"payments-hero hero \">\n        <div class=\"hero-bg-neutral\">\n            <div class=\"hero-container\">\n                <div class=\"hero-area\">\n                    <div class=\"section-container\">\n                        <div class='hero-content '>\n                                                        <div class=\"hero-text-content flow-content\">\n                                <h2 class=\"card-title\" style=\"font-weight: 600;font-size: 3.6rem;color: #0f2666;\" class=\"card-title\" style=\"font-weight: 600;font-size: 3.6rem;color: #0f2666;\" id=\"ready-in-2-hours-paytr-virtual-pos\">Ready in 2 hours: <br><b>PayTR Virtual POS<b><\/b><\/h2>\n                                \n                                <p>&nbsp;<\/p>\n<p>Receive payments from all cards with a single agreement <strong>#NormalWithPayTR<\/strong><\/p>\n<p>&nbsp;<\/p>\n                                                                    <div class=\"btn-container\">\n                                                                                    <!-- <button class=\"buttons\" style=\"background-color: inherit;\"> -->\n                                            <a href=\"\/en\/virtual-pos\" class=\"button button-primary-light size:large\">Apply Now<\/a>\n                                            <!-- <\/button> -->\n                                                                                                                    <\/div>\n                                \n                            <\/div>\n                                                            <div class=\"hero-form\">\n                                    <img decoding=\"async\" data-src=\"https:\/\/www.paytr.com\/wp-content\/uploads\/EN-sanal-pos_banner1.png\" alt=\"\" src=\"data:image\/svg+xml;base64,PHN2ZyB3aWR0aD0iMSIgaGVpZ2h0PSIxIiB4bWxucz0iaHR0cDovL3d3dy53My5vcmcvMjAwMC9zdmciPjwvc3ZnPg==\" class=\"lazyload\" style=\"--smush-placeholder-width: 1598px; --smush-placeholder-aspect-ratio: 1598\/1470;\">\n                                <\/div>\n                                                    <\/div>\n                    <\/div>\n                <\/div>\n            <\/div>\n        <\/div>\n    <\/section>\n\n\n    <section class=\"payments-hero hero \">\n        <div class=\"hero-bg-neutral\">\n            <div class=\"hero-container\">\n                <div class=\"hero-area\">\n                    <div class=\"section-container\">\n                        <div class='hero-content '>\n                                                            <div class=\"hero-form\">\n                                    <img decoding=\"async\" data-src=\"https:\/\/www.paytr.com\/wp-content\/uploads\/fiziki-pos-v2-banner.png\" alt=\"\" src=\"data:image\/svg+xml;base64,PHN2ZyB3aWR0aD0iMSIgaGVpZ2h0PSIxIiB4bWxucz0iaHR0cDovL3d3dy53My5vcmcvMjAwMC9zdmciPjwvc3ZnPg==\" class=\"lazyload\" style=\"--smush-placeholder-width: 1598px; --smush-placeholder-aspect-ratio: 1598\/1470;\">\n                                <\/div>\n                                                        <div class=\"hero-text-content flow-content\">\n                                <h2 class=\"card-title\" style=\"font-weight: 600;font-size: 3.6rem;color: #0f2666;\" class=\"card-title\" style=\"font-weight: 600;font-size: 3.6rem;color: #0f2666;\" id=\"a-single-pos-for-all-cards-paytr-physical-pos\">A single POS<br> for  all cards: <br> <b>PayTR Physical POS<b><\/b><\/h2>\n                                \n                                <p>&nbsp;<\/p>\n<p class=\"section-title-large\">Offer installments to all cards with a single POS and one agreement <strong>#NormalWithPayTR<\/strong><\/p>\n<p>&nbsp;<\/p>\n                                                                    <div class=\"btn-container\">\n                                                                                    <!-- <button class=\"buttons\" style=\"background-color: inherit;\"> -->\n                                            <a href=\"\/en\/physical-pos\" class=\"button button-primary-light size:large\">Apply Now<\/a>\n                                            <!-- <\/button> -->\n                                                                                                                    <\/div>\n                                \n                            <\/div>\n                                                    <\/div>\n                    <\/div>\n                <\/div>\n            <\/div>\n        <\/div>\n    <\/section>\n\n\n    <section class=\"payments-hero hero \">\n        <div class=\"hero-bg-neutral\">\n            <div class=\"hero-container\">\n                <div class=\"hero-area\">\n                    <div class=\"section-container\">\n                        <div class='hero-content mobile-reverse'>\n                                                        <div class=\"hero-text-content flow-content\">\n                                <h2 class=\"card-title\" style=\"font-weight: 600;font-size: 3.6rem;color: #0f2666;\" class=\"card-title\" style=\"font-weight: 600;font-size: 3.6rem;color: #0f2666;\" id=\"the-secure-way-to-receive-remote-paymentspaytr-payment-via-link\">The secure way to receive remote payments:<br><b>PayTR Payment via Link <b><\/b><\/h2>\n                                \n                                <p>&nbsp;<\/p>\n<p>Create a link and receive remote payments securely\u2014with installments <strong>#NormalWithPayTR<\/strong><\/p>\n<p>&nbsp;<\/p>\n                                                                    <div class=\"btn-container\">\n                                                                                    <!-- <button class=\"buttons\" style=\"background-color: inherit;\"> -->\n                                            <a href=\"\/en\/payment-links\" class=\"button button-primary-light size:large\">Apply Now<\/a>\n                                            <!-- <\/button> -->\n                                                                                                                    <\/div>\n                                \n                            <\/div>\n                                                            <div class=\"hero-form\">\n                                    <img decoding=\"async\" data-src=\"https:\/\/www.paytr.com\/wp-content\/uploads\/EN-sanal-pos_banner3.png\" alt=\"\" src=\"data:image\/svg+xml;base64,PHN2ZyB3aWR0aD0iMSIgaGVpZ2h0PSIxIiB4bWxucz0iaHR0cDovL3d3dy53My5vcmcvMjAwMC9zdmciPjwvc3ZnPg==\" class=\"lazyload\" style=\"--smush-placeholder-width: 1598px; --smush-placeholder-aspect-ratio: 1598\/1470;\">\n                                <\/div>\n                                                    <\/div>\n                    <\/div>\n                <\/div>\n            <\/div>\n        <\/div>\n    <\/section>\n\n\n    <section class=\"payments-hero hero \">\n        <div class=\"hero-bg-neutral\">\n            <div class=\"hero-container\">\n                <div class=\"hero-area\">\n                    <div class=\"section-container\">\n                        <div class='hero-content mobile-reverse'>\n                                                            <div class=\"hero-form\">\n                                    <img decoding=\"async\" data-src=\"https:\/\/www.paytr.com\/wp-content\/uploads\/EN-sanal-pos_banner4.png\" alt=\"\" src=\"data:image\/svg+xml;base64,PHN2ZyB3aWR0aD0iMSIgaGVpZ2h0PSIxIiB4bWxucz0iaHR0cDovL3d3dy53My5vcmcvMjAwMC9zdmciPjwvc3ZnPg==\" class=\"lazyload\" style=\"--smush-placeholder-width: 1598px; --smush-placeholder-aspect-ratio: 1598\/1470;\">\n                                <\/div>\n                                                        <div class=\"hero-text-content flow-content\">\n                                <h2 class=\"card-title\" style=\"font-weight: 600;font-size: 3.6rem;color: #0f2666;\" class=\"card-title\" style=\"font-weight: 600;font-size: 3.6rem;color: #0f2666;\" id=\"the-pos-in-your-pocket-paytr-neopos\">The POS in your pocket: <br><b>PayTR NeoPOS <b><\/b><\/h2>\n                                \n                                <p>&nbsp;<\/p>\n<p>Turn your mobile phone into a POS device and receive contactless payments anywhere <strong>#NormalWithPayTR<\/strong><\/p>\n<p>&nbsp;<\/p>\n                                                                    <div class=\"btn-container\">\n                                                                                    <!-- <button class=\"buttons\" style=\"background-color: inherit;\"> -->\n                                            <a href=\"\/en\/neopos\" class=\"button button-primary-light size:large\">Apply Now<\/a>\n                                            <!-- <\/button> -->\n                                                                                                                    <\/div>\n                                \n                            <\/div>\n                                                    <\/div>\n                    <\/div>\n                <\/div>\n            <\/div>\n        <\/div>\n    <\/section>\n","protected":false},"excerpt":{"rendered":"","protected":false},"author":19,"featured_media":0,"parent":0,"menu_order":0,"comment_status":"closed","ping_status":"closed","template":"","meta":{"footnotes":""},"class_list":["post-13096","page","type-page","status-publish","hentry"],"acf":[],"yoast_head":"<!-- This site is optimized with the Yoast SEO Premium plugin v25.3.1 (Yoast SEO v25.3.1) - https:\/\/yoast.com\/wordpress\/plugins\/seo\/ -->\n<title>Normal with PayTR! | PayTR<\/title>\n<meta name=\"robots\" content=\"index, follow, max-snippet:-1, max-image-preview:large, max-video-preview:-1\" \/>\n<link rel=\"canonical\" href=\"https:\/\/www.paytr.com\/en\/paytrla-normal\" \/>\n<meta property=\"og:locale\" content=\"tr_TR\" \/>\n<meta property=\"og:type\" content=\"article\" \/>\n<meta property=\"og:title\" content=\"Normal with PayTR!\" \/>\n<meta property=\"og:url\" content=\"https:\/\/www.paytr.com\/en\/paytrla-normal\" \/>\n<meta property=\"og:site_name\" content=\"PayTR\" \/>\n<meta property=\"article:publisher\" content=\"https:\/\/tr-tr.facebook.com\/paytrcom\/\" \/>\n<meta property=\"article:modified_time\" content=\"2025-06-02T06:58:47+00:00\" \/>\n<meta name=\"twitter:card\" content=\"summary_large_image\" \/>\n<meta name=\"twitter:site\" content=\"@paytrcom\" \/>\n<script type=\"application\/ld+json\" class=\"yoast-schema-graph\">{\"@context\":\"https:\/\/schema.org\",\"@graph\":[{\"@type\":\"WebPage\",\"@id\":\"https:\/\/www.paytr.com\/en\/paytrla-normal\",\"url\":\"https:\/\/www.paytr.com\/en\/paytrla-normal\",\"name\":\"Normal with PayTR! | PayTR\",\"isPartOf\":{\"@id\":\"https:\/\/www.paytr.com\/en#website\"},\"datePublished\":\"2025-05-20T11:45:16+00:00\",\"dateModified\":\"2025-06-02T06:58:47+00:00\",\"breadcrumb\":{\"@id\":\"https:\/\/www.paytr.com\/en\/paytrla-normal#breadcrumb\"},\"inLanguage\":\"en-US\",\"potentialAction\":[{\"@type\":\"ReadAction\",\"target\":[\"https:\/\/www.paytr.com\/en\/paytrla-normal\"]}]},{\"@type\":\"BreadcrumbList\",\"@id\":\"https:\/\/www.paytr.com\/en\/paytrla-normal#breadcrumb\",\"itemListElement\":[{\"@type\":\"ListItem\",\"position\":1,\"name\":\"Home\",\"item\":\"https:\/\/www.paytr.com\/en\"},{\"@type\":\"ListItem\",\"position\":2,\"name\":\"Normal with PayTR!\"}]},{\"@type\":\"WebSite\",\"@id\":\"https:\/\/www.paytr.com\/en#website\",\"url\":\"https:\/\/www.paytr.com\/en\",\"name\":\"PayTR\",\"description\":\"\u00d6deme \u00c7\u00f6z\u00fcmleri\",\"publisher\":{\"@id\":\"https:\/\/www.paytr.com\/en#organization\"},\"potentialAction\":[{\"@type\":\"SearchAction\",\"target\":{\"@type\":\"EntryPoint\",\"urlTemplate\":\"https:\/\/www.paytr.com\/en?s={search_term_string}\"},\"query-input\":{\"@type\":\"PropertyValueSpecification\",\"valueRequired\":true,\"valueName\":\"search_term_string\"}}],\"inLanguage\":\"en-US\"},{\"@type\":\"Organization\",\"@id\":\"https:\/\/www.paytr.com\/en#organization\",\"name\":\"PayTR\",\"url\":\"https:\/\/www.paytr.com\/en\",\"logo\":{\"@type\":\"ImageObject\",\"inLanguage\":\"en-US\",\"@id\":\"https:\/\/www.paytr.com\/en#\/schema\/logo\/image\/\",\"url\":\"https:\/\/www.paytr.com\/wp-content\/uploads\/PayTR-2025-New-Logo-Color.png\",\"contentUrl\":\"https:\/\/www.paytr.com\/wp-content\/uploads\/PayTR-2025-New-Logo-Color.png\",\"width\":2000,\"height\":340,\"caption\":\"PayTR\"},\"image\":{\"@id\":\"https:\/\/www.paytr.com\/en#\/schema\/logo\/image\/\"},\"sameAs\":[\"https:\/\/tr-tr.facebook.com\/paytrcom\/\",\"https:\/\/x.com\/paytrcom\",\"https:\/\/tr.linkedin.com\/company\/paytr\",\"https:\/\/www.youtube.com\/@paytrcom\",\"https:\/\/www.instagram.com\/paytrcom\/\"]}]}<\/script>\n<!-- \/ Yoast SEO Premium plugin. -->","yoast_head_json":{"title":"Normal with PayTR! | PayTR","robots":{"index":"index","follow":"follow","max-snippet":"max-snippet:-1","max-image-preview":"max-image-preview:large","max-video-preview":"max-video-preview:-1"},"canonical":"https:\/\/www.paytr.com\/en\/paytrla-normal","og_locale":"tr_TR","og_type":"article","og_title":"Normal with PayTR!","og_url":"https:\/\/www.paytr.com\/en\/paytrla-normal","og_site_name":"PayTR","article_publisher":"https:\/\/tr-tr.facebook.com\/paytrcom\/","article_modified_time":"2025-06-02T06:58:47+00:00","twitter_card":"summary_large_image","twitter_site":"@paytrcom","schema":{"@context":"https:\/\/schema.org","@graph":[{"@type":"WebPage","@id":"https:\/\/www.paytr.com\/en\/paytrla-normal","url":"https:\/\/www.paytr.com\/en\/paytrla-normal","name":"Normal with PayTR! | PayTR","isPartOf":{"@id":"https:\/\/www.paytr.com\/en#website"},"datePublished":"2025-05-20T11:45:16+00:00","dateModified":"2025-06-02T06:58:47+00:00","breadcrumb":{"@id":"https:\/\/www.paytr.com\/en\/paytrla-normal#breadcrumb"},"inLanguage":"en-US","potentialAction":[{"@type":"ReadAction","target":["https:\/\/www.paytr.com\/en\/paytrla-normal"]}]},{"@type":"BreadcrumbList","@id":"https:\/\/www.paytr.com\/en\/paytrla-normal#breadcrumb","itemListElement":[{"@type":"ListItem","position":1,"name":"Home","item":"https:\/\/www.paytr.com\/en"},{"@type":"ListItem","position":2,"name":"Normal with PayTR!"}]},{"@type":"WebSite","@id":"https:\/\/www.paytr.com\/en#website","url":"https:\/\/www.paytr.com\/en","name":"PayTR","description":"\u00d6deme \u00c7\u00f6z\u00fcmleri","publisher":{"@id":"https:\/\/www.paytr.com\/en#organization"},"potentialAction":[{"@type":"SearchAction","target":{"@type":"EntryPoint","urlTemplate":"https:\/\/www.paytr.com\/en?s={search_term_string}"},"query-input":{"@type":"PropertyValueSpecification","valueRequired":true,"valueName":"search_term_string"}}],"inLanguage":"en-US"},{"@type":"Organization","@id":"https:\/\/www.paytr.com\/en#organization","name":"PayTR","url":"https:\/\/www.paytr.com\/en","logo":{"@type":"ImageObject","inLanguage":"en-US","@id":"https:\/\/www.paytr.com\/en#\/schema\/logo\/image\/","url":"https:\/\/www.paytr.com\/wp-content\/uploads\/PayTR-2025-New-Logo-Color.png","contentUrl":"https:\/\/www.paytr.com\/wp-content\/uploads\/PayTR-2025-New-Logo-Color.png","width":2000,"height":340,"caption":"PayTR"},"image":{"@id":"https:\/\/www.paytr.com\/en#\/schema\/logo\/image\/"},"sameAs":["https:\/\/tr-tr.facebook.com\/paytrcom\/","https:\/\/x.com\/paytrcom","https:\/\/tr.linkedin.com\/company\/paytr","https:\/\/www.youtube.com\/@paytrcom","https:\/\/www.instagram.com\/paytrcom\/"]}]}},"_links":{"self":[{"href":"https:\/\/www.paytr.com\/en\/wp-json\/wp\/v2\/pages\/13096","targetHints":{"allow":["GET"]}}],"collection":[{"href":"https:\/\/www.paytr.com\/en\/wp-json\/wp\/v2\/pages"}],"about":[{"href":"https:\/\/www.paytr.com\/en\/wp-json\/wp\/v2\/types\/page"}],"author":[{"embeddable":true,"href":"https:\/\/www.paytr.com\/en\/wp-json\/wp\/v2\/users\/19"}],"replies":[{"embeddable":true,"href":"https:\/\/www.paytr.com\/en\/wp-json\/wp\/v2\/comments?post=13096"}],"version-history":[{"count":13,"href":"https:\/\/www.paytr.com\/en\/wp-json\/wp\/v2\/pages\/13096\/revisions"}],"predecessor-version":[{"id":13234,"href":"https:\/\/www.paytr.com\/en\/wp-json\/wp\/v2\/pages\/13096\/revisions\/13234"}],"wp:attachment":[{"href":"https:\/\/www.paytr.com\/en\/wp-json\/wp\/v2\/media?parent=13096"}],"curies":[{"name":"wp","href":"https:\/\/api.w.org\/{rel}","templated":true}]}}