{"id":13231,"date":"2023-05-02T21:47:19","date_gmt":"2023-05-02T18:47:19","guid":{"rendered":"https:\/\/www.paytr.com\/product-finder"},"modified":"2025-05-29T11:26:07","modified_gmt":"2025-05-29T08:26:07","slug":"product-finder","status":"publish","type":"page","link":"https:\/\/www.paytr.com\/en\/product-finder\/","title":{"rendered":"Product Finder"},"content":{"rendered":"<section class=\"section-container page-header-area\">\n\n    <div class=\" flow-content\">\n        <h2 class=\"page-title\" class=\"page-title\" id=\"product-finder\">Product Finder<\/h2>\n        <div class=\"page-desc\">        <\/div>\n    <\/div>\n    <div class=\"breadcrumbs\">\n        <div class=\"breadcrumbs-list\">\n            <a href='\/' class='breadcrumb-item'>Homepage<\/a>\n                        <a href=\"javascript:void(0)\" style=\"pointer-events: none; cursor: default;\" class='breadcrumb-item'>Product Finder<\/a>\n            <div class=\"breadcrumbs-popover\">\n                    <p>Product Finder<\/p>\n                <\/div>\n                    <\/div>\n        <div class=\"breadcrumbs-divider\"><\/div>\n    <\/div>\n<\/section><div class=\"product-finder\">\n\n    <section class=\"section-container step-section\">\n        <div class=\"step-container\">\n            <div class=\"step-head-content\">\n                <div class=\"step-item active\">\n                    <div class=\"step-count\">1<\/div>\n                    <div class=\"border\"><\/div>\n                <\/div>\n            <\/div>\n\n            <div class=\"step-content\">\n\n            <\/div>\n        <\/div>\n    <\/section>\n\n<\/div>\n\n<script src=\"\/wp-content\/themes\/ctheme\/js\/product-finder.js\"><\/script>","protected":false},"excerpt":{"rendered":"","protected":false},"author":1,"featured_media":0,"parent":0,"menu_order":0,"comment_status":"closed","ping_status":"closed","template":"","meta":{"footnotes":""},"class_list":["post-13231","page","type-page","status-publish","hentry"],"acf":[],"yoast_head":"<!-- This site is optimized with the Yoast SEO Premium plugin v25.3.1 (Yoast SEO v25.3.1) - https:\/\/yoast.com\/wordpress\/plugins\/seo\/ -->\n<title>Product Finder | PayTR<\/title>\n<meta name=\"description\" content=\"Explore payment solutions tailored to your needs with the PayTR product finder. Quickly and easily discover the most suitable options here.\" \/>\n<meta name=\"robots\" content=\"index, follow, max-snippet:-1, max-image-preview:large, max-video-preview:-1\" \/>\n<link rel=\"canonical\" href=\"https:\/\/www.paytr.com\/en\/product-finder\/\" \/>\n<meta property=\"og:locale\" content=\"tr_TR\" \/>\n<meta property=\"og:type\" content=\"article\" \/>\n<meta property=\"og:title\" content=\"Product Finder\" \/>\n<meta property=\"og:description\" content=\"Explore payment solutions tailored to your needs with the PayTR product finder. Quickly and easily discover the most suitable options here.\" \/>\n<meta property=\"og:url\" content=\"https:\/\/www.paytr.com\/en\/product-finder\/\" \/>\n<meta property=\"og:site_name\" content=\"PayTR\" \/>\n<meta property=\"article:publisher\" content=\"https:\/\/tr-tr.facebook.com\/paytrcom\/\" \/>\n<meta property=\"article:modified_time\" content=\"2025-05-29T08:26:07+00:00\" \/>\n<meta name=\"twitter:card\" content=\"summary_large_image\" \/>\n<meta name=\"twitter:site\" content=\"@paytrcom\" \/>\n<script type=\"application\/ld+json\" class=\"yoast-schema-graph\">{\"@context\":\"https:\/\/schema.org\",\"@graph\":[{\"@type\":\"WebPage\",\"@id\":\"https:\/\/www.paytr.com\/en\/product-finder\/\",\"url\":\"https:\/\/www.paytr.com\/en\/product-finder\/\",\"name\":\"Product Finder | PayTR\",\"isPartOf\":{\"@id\":\"https:\/\/www.paytr.com\/en\/#website\"},\"datePublished\":\"2023-05-02T18:47:19+00:00\",\"dateModified\":\"2025-05-29T08:26:07+00:00\",\"description\":\"Explore payment solutions tailored to your needs with the PayTR product finder. Quickly and easily discover the most suitable options here.\",\"breadcrumb\":{\"@id\":\"https:\/\/www.paytr.com\/en\/product-finder\/#breadcrumb\"},\"inLanguage\":\"en-US\",\"potentialAction\":[{\"@type\":\"ReadAction\",\"target\":[\"https:\/\/www.paytr.com\/en\/product-finder\/\"]}]},{\"@type\":\"BreadcrumbList\",\"@id\":\"https:\/\/www.paytr.com\/en\/product-finder\/#breadcrumb\",\"itemListElement\":[{\"@type\":\"ListItem\",\"position\":1,\"name\":\"Home\",\"item\":\"https:\/\/www.paytr.com\/en\/\"},{\"@type\":\"ListItem\",\"position\":2,\"name\":\"Product Finder\"}]},{\"@type\":\"WebSite\",\"@id\":\"https:\/\/www.paytr.com\/en\/#website\",\"url\":\"https:\/\/www.paytr.com\/en\/\",\"name\":\"PayTR\",\"description\":\"\u00d6deme \u00c7\u00f6z\u00fcmleri\",\"publisher\":{\"@id\":\"https:\/\/www.paytr.com\/en\/#organization\"},\"potentialAction\":[{\"@type\":\"SearchAction\",\"target\":{\"@type\":\"EntryPoint\",\"urlTemplate\":\"https:\/\/www.paytr.com\/en\/?s={search_term_string}\"},\"query-input\":{\"@type\":\"PropertyValueSpecification\",\"valueRequired\":true,\"valueName\":\"search_term_string\"}}],\"inLanguage\":\"en-US\"},{\"@type\":\"Organization\",\"@id\":\"https:\/\/www.paytr.com\/en\/#organization\",\"name\":\"PayTR\",\"url\":\"https:\/\/www.paytr.com\/en\/\",\"logo\":{\"@type\":\"ImageObject\",\"inLanguage\":\"en-US\",\"@id\":\"https:\/\/www.paytr.com\/en\/#\/schema\/logo\/image\/\",\"url\":\"https:\/\/www.paytr.com\/wp-content\/uploads\/PayTR-2025-New-Logo-Color.png\",\"contentUrl\":\"https:\/\/www.paytr.com\/wp-content\/uploads\/PayTR-2025-New-Logo-Color.png\",\"width\":2000,\"height\":340,\"caption\":\"PayTR\"},\"image\":{\"@id\":\"https:\/\/www.paytr.com\/en\/#\/schema\/logo\/image\/\"},\"sameAs\":[\"https:\/\/tr-tr.facebook.com\/paytrcom\/\",\"https:\/\/x.com\/paytrcom\",\"https:\/\/tr.linkedin.com\/company\/paytr\",\"https:\/\/www.youtube.com\/@paytrcom\",\"https:\/\/www.instagram.com\/paytrcom\/\"]}]}<\/script>\n<!-- \/ Yoast SEO Premium plugin. -->","yoast_head_json":{"title":"Product Finder | PayTR","description":"Explore payment solutions tailored to your needs with the PayTR product finder. Quickly and easily discover the most suitable options here.","robots":{"index":"index","follow":"follow","max-snippet":"max-snippet:-1","max-image-preview":"max-image-preview:large","max-video-preview":"max-video-preview:-1"},"canonical":"https:\/\/www.paytr.com\/en\/product-finder\/","og_locale":"tr_TR","og_type":"article","og_title":"Product Finder","og_description":"Explore payment solutions tailored to your needs with the PayTR product finder. Quickly and easily discover the most suitable options here.","og_url":"https:\/\/www.paytr.com\/en\/product-finder\/","og_site_name":"PayTR","article_publisher":"https:\/\/tr-tr.facebook.com\/paytrcom\/","article_modified_time":"2025-05-29T08:26:07+00:00","twitter_card":"summary_large_image","twitter_site":"@paytrcom","schema":{"@context":"https:\/\/schema.org","@graph":[{"@type":"WebPage","@id":"https:\/\/www.paytr.com\/en\/product-finder\/","url":"https:\/\/www.paytr.com\/en\/product-finder\/","name":"Product Finder | PayTR","isPartOf":{"@id":"https:\/\/www.paytr.com\/en\/#website"},"datePublished":"2023-05-02T18:47:19+00:00","dateModified":"2025-05-29T08:26:07+00:00","description":"Explore payment solutions tailored to your needs with the PayTR product finder. Quickly and easily discover the most suitable options here.","breadcrumb":{"@id":"https:\/\/www.paytr.com\/en\/product-finder\/#breadcrumb"},"inLanguage":"en-US","potentialAction":[{"@type":"ReadAction","target":["https:\/\/www.paytr.com\/en\/product-finder\/"]}]},{"@type":"BreadcrumbList","@id":"https:\/\/www.paytr.com\/en\/product-finder\/#breadcrumb","itemListElement":[{"@type":"ListItem","position":1,"name":"Home","item":"https:\/\/www.paytr.com\/en\/"},{"@type":"ListItem","position":2,"name":"Product Finder"}]},{"@type":"WebSite","@id":"https:\/\/www.paytr.com\/en\/#website","url":"https:\/\/www.paytr.com\/en\/","name":"PayTR","description":"\u00d6deme \u00c7\u00f6z\u00fcmleri","publisher":{"@id":"https:\/\/www.paytr.com\/en\/#organization"},"potentialAction":[{"@type":"SearchAction","target":{"@type":"EntryPoint","urlTemplate":"https:\/\/www.paytr.com\/en\/?s={search_term_string}"},"query-input":{"@type":"PropertyValueSpecification","valueRequired":true,"valueName":"search_term_string"}}],"inLanguage":"en-US"},{"@type":"Organization","@id":"https:\/\/www.paytr.com\/en\/#organization","name":"PayTR","url":"https:\/\/www.paytr.com\/en\/","logo":{"@type":"ImageObject","inLanguage":"en-US","@id":"https:\/\/www.paytr.com\/en\/#\/schema\/logo\/image\/","url":"https:\/\/www.paytr.com\/wp-content\/uploads\/PayTR-2025-New-Logo-Color.png","contentUrl":"https:\/\/www.paytr.com\/wp-content\/uploads\/PayTR-2025-New-Logo-Color.png","width":2000,"height":340,"caption":"PayTR"},"image":{"@id":"https:\/\/www.paytr.com\/en\/#\/schema\/logo\/image\/"},"sameAs":["https:\/\/tr-tr.facebook.com\/paytrcom\/","https:\/\/x.com\/paytrcom","https:\/\/tr.linkedin.com\/company\/paytr","https:\/\/www.youtube.com\/@paytrcom","https:\/\/www.instagram.com\/paytrcom\/"]}]}},"_links":{"self":[{"href":"https:\/\/www.paytr.com\/en\/wp-json\/wp\/v2\/pages\/13231","targetHints":{"allow":["GET"]}}],"collection":[{"href":"https:\/\/www.paytr.com\/en\/wp-json\/wp\/v2\/pages"}],"about":[{"href":"https:\/\/www.paytr.com\/en\/wp-json\/wp\/v2\/types\/page"}],"author":[{"embeddable":true,"href":"https:\/\/www.paytr.com\/en\/wp-json\/wp\/v2\/users\/1"}],"replies":[{"embeddable":true,"href":"https:\/\/www.paytr.com\/en\/wp-json\/wp\/v2\/comments?post=13231"}],"version-history":[{"count":1,"href":"https:\/\/www.paytr.com\/en\/wp-json\/wp\/v2\/pages\/13231\/revisions"}],"predecessor-version":[{"id":13232,"href":"https:\/\/www.paytr.com\/en\/wp-json\/wp\/v2\/pages\/13231\/revisions\/13232"}],"wp:attachment":[{"href":"https:\/\/www.paytr.com\/en\/wp-json\/wp\/v2\/media?parent=13231"}],"curies":[{"name":"wp","href":"https:\/\/api.w.org\/{rel}","templated":true}]}}